{"id":96839,"date":"2022-08-17T10:12:41","date_gmt":"2022-08-17T10:12:41","guid":{"rendered":"https:\/\/legacy.wetality.com\/?post_type=product&#038;p=96839"},"modified":"2023-12-10T03:02:43","modified_gmt":"2023-12-10T03:02:43","slug":"no-sweat-deo-smartship","status":"publish","type":"product","link":"https:\/\/legacy.wetality.com\/da\/product\/no-sweat-deo-smartship\/","title":{"rendered":"No Sweat Deo"},"content":{"rendered":"<p>&nbsp;<\/p>\n<p><b>100% naturlig deodorant med CBD.<\/b><\/p>\n<p>Indeholder fuldspektrum cannabinoider, der findes naturligt i industriel hamp.<\/p>\n<p>Formuleret med <b>\u00e6teriske olier<\/b>, Vil denne unisex deodorant give friskhed hele dagen.<\/p>\n<p><b>Tilsat CBD til at pleje og berolige huden.<\/b><\/p>\n<p><b>CBD<\/b> egenskaber er anerkendt som antioxidant, hudpleje og beskyttelse.<\/p>\n<p>INGEN parabener, syntetiske parfumer og farver.<\/p>\n<p><b>ANVENDELSE:<\/b> P\u00e5f\u00f8r n\u00e5r som helst p\u00e5 ren, t\u00f8r hud under armene, alt efter dine behov. Ryst godt f\u00f8r brug.<\/p>\n<p><b>FORSIGTIG:<\/b> Undg\u00e5 kontakt med \u00f8jnene. Opbevares utilg\u00e6ngeligt for b\u00f8rn. Afbryd brugen i tilf\u00e6lde af f\u00f8lsomhed.<\/p>\n<p><b>OPBEVARING:<\/b> Opbevares t\u00f8rt ved 25C.<\/p>\n<p><b>FORM\u00c5L:<\/b> Deodorant, holder din hud og duft frisk.<\/p>","protected":false},"excerpt":{"rendered":"<p>CBD: 100 mg.<\/p>\n<p>100 ml naturlig deospray.<\/p>\n<p>Indeholder fuldspektrum cannabinoider, der findes naturligt i industriel hamp. Tilsat CBD til at pleje og berolige huden.<\/p>\n<p><b>Ingredienser:<\/b><br \/>\nVand, <em>Polyglyceryn-10 Laurat<\/em>, <em>Potassium<\/em> alum, <em>Lactobacillus<\/em> ferment,<em> Sodium Caproyl\/Lauroyl Lactylate &amp; Triethyl Citrate &amp; Salvia Officinalis<\/em> (Sage), <em>Aloe barbadensis<\/em> bladjuicepulver, Cannabidiol, Caprylic acid triglycerides, <em>Citrus bergamia<\/em> olie (bergaptene free), <em>Citrus limonum<\/em> olie, <em>Rosmarinus officinalis<\/em> olie, Benzylalkohol, Dehydroeddikesyre, Citronsyre.<\/p>\n<p>&nbsp;<\/p>\n","protected":false},"featured_media":96838,"comment_status":"closed","ping_status":"closed","template":"","meta":[],"product_brand":[],"product_cat":[15,41],"product_tag":[],"class_list":{"0":"post-96839","1":"product","2":"type-product","3":"status-publish","4":"has-post-thumbnail","6":"product_cat-autoship-products","7":"product_cat-autoship-customers","8":"product_shipping_class-autoship-vat","10":"first","11":"instock","12":"taxable","13":"shipping-taxable","14":"purchasable","15":"product-type-subscription"},"_links":{"self":[{"href":"https:\/\/legacy.wetality.com\/da\/wp-json\/wp\/v2\/product\/96839","targetHints":{"allow":["GET"]}}],"collection":[{"href":"https:\/\/legacy.wetality.com\/da\/wp-json\/wp\/v2\/product"}],"about":[{"href":"https:\/\/legacy.wetality.com\/da\/wp-json\/wp\/v2\/types\/product"}],"replies":[{"embeddable":true,"href":"https:\/\/legacy.wetality.com\/da\/wp-json\/wp\/v2\/comments?post=96839"}],"wp:featuredmedia":[{"embeddable":true,"href":"https:\/\/legacy.wetality.com\/da\/wp-json\/wp\/v2\/media\/96838"}],"wp:attachment":[{"href":"https:\/\/legacy.wetality.com\/da\/wp-json\/wp\/v2\/media?parent=96839"}],"wp:term":[{"taxonomy":"product_brand","embeddable":true,"href":"https:\/\/legacy.wetality.com\/da\/wp-json\/wp\/v2\/product_brand?post=96839"},{"taxonomy":"product_cat","embeddable":true,"href":"https:\/\/legacy.wetality.com\/da\/wp-json\/wp\/v2\/product_cat?post=96839"},{"taxonomy":"product_tag","embeddable":true,"href":"https:\/\/legacy.wetality.com\/da\/wp-json\/wp\/v2\/product_tag?post=96839"}],"curies":[{"name":"wp","href":"https:\/\/api.w.org\/{rel}","templated":true}]}}