{"id":88852,"date":"2022-01-10T10:51:30","date_gmt":"2022-01-10T10:51:30","guid":{"rendered":"https:\/\/legacy.wetality.com\/?post_type=product&#038;p=88852"},"modified":"2026-04-12T06:44:06","modified_gmt":"2026-04-12T06:44:06","slug":"wetality-beauty-package-no-01-smartship","status":"publish","type":"product","link":"https:\/\/legacy.wetality.com\/da\/product\/wetality-beauty-package-no-01-smartship\/","title":{"rendered":"Wetality Beauty package"},"content":{"rendered":"<p><\/p>\n<h4><\/h4>\n<h4><strong>Wetality Collagen<\/strong><\/h4>\n<p><strong> BRUG:\u00a0 <\/strong>Ryst flasken og m\u00e5l den anbefalede dosis p\u00e5 25 ml af i medf\u00f8lgende h\u00e6tte. Drik som shot eller bland det med din ynglingsdrik.<br \/>\nIndtages p\u00e5 tom mave for bedre optagelse.<\/p>\n<p><strong>Ingredienser:<\/strong> <em>Multifiltreret vand, hydrolyseret fiskekollagen type 1 &amp; 3; (Pure Peptide hydrolyseret fiskekollagen indeholder aminosyrerne: l-glycin, l-prolin, l-alanin, l-hydroxyprolin, l-glutaminsyre, l-arginin, l-asparaginsyre, l-serin, l-lysin, l -leucin, l-valin, l-threonin, l-phenylalanin, l-isoleucin, l-hydroxylysin, l-methionin, l-histidin, l-tyrosin, l-cystein, l-ascorbinsyre, smag (naturlige jordb\u00e6r), naturlig farve (lilla kartoffelpulver), emulgator (xanthangummi), friskhedsbevarende middel (kaliumsorbat, natriumbenzoat), natriumhyaluronat, silikonedioxid, d-calciumpantothenat, d-biotin, pyridoxin hcl, natriumselenit, s\u00f8demiddel (steviolglycosider, thaumatin), surhedsregulerende middel (citronsyre), cholecalciferol, methylcobalamin.<\/em><br \/>\n<em>100% naturlig smag og naturlig farve. Naturlig fri for laktose, \u00e6g, gluten soja og n\u00f8dder.<\/em><\/p>\n<p><strong>FORSIGTIG:<\/strong> Undg\u00e5 at overskride den anbefalede daglige dosis. Et ern\u00e6ringstilskud er ikke en erstatning for en varieret kost. Opbevares utilg\u00e6ngeligt for b\u00f8rn.<\/p>\n<p>Hvis du har en medicinsk diagnose eller hvis du er gravid eller ammer, b\u00f8r du konsulterer din l\u00e6ge inden brug. Bivirkninger kan forekomme.<\/p>\n<p><strong>Allergiadvarsel: <\/strong>Indeholder fisk.<\/p>\n<p><strong>OPBEVARING:<\/strong> Opbevares p\u00e5 et t\u00f8rt og k\u00f8ligt sted (op til 25 \u00b0C). Efter \u00e5bning skal det opbevares i k\u00f8leskab og forbruges inden for to m\u00e5neder.<\/p>\n<h4><strong><img loading=\"lazy\" decoding=\"async\" class=\"alignnone wp-image-89283\" src=\"https:\/\/legacy.wetality.com\/wp-content\/uploads\/2022\/01\/badges-for-collagen-300x57.png\" alt=\"\" width=\"550\" height=\"104\" srcset=\"https:\/\/legacy.wetality.com\/wp-content\/uploads\/2022\/01\/badges-for-collagen-300x57.png 300w, https:\/\/legacy.wetality.com\/wp-content\/uploads\/2022\/01\/badges-for-collagen-416x79.png 416w, https:\/\/legacy.wetality.com\/wp-content\/uploads\/2022\/01\/badges-for-collagen.png 759w\" sizes=\"auto, (max-width: 550px) 100vw, 550px\" \/><br \/>\n<\/strong><\/h4>\n<h4><strong>Wetality Hyaluron serum med CBD og C-vitamin <\/strong>giver intens fugt og balance.<\/h4>\n<p>Dens lette, naturlige* formulering er ideel til alle hudtyper.<br \/>\nDen behandler og forbedrer hudens udseende.<\/p>\n<p>*mere end 90% naturlige ingredienser<\/p>\n<p>Hyaluron serum med CBD og C-vitamin er en fantastisk l\u00f8sning til livl\u00f8s, tr\u00e6t, dehydreret og irriteret hud.<br \/>\nDet kan hj\u00e6lpe dig med at genskabe den naturlige ansigtsgl\u00f8d.<\/p>\n<p>Serum styrker hudens fugtbarriere og genskaber dens fasthed og fugt. Den bevarer hudens generelle sundhed og genopretter hudens balance.<\/p>\n<p>Denne utrolige formel n\u00e6rer og hj\u00e6lper med at berolige t\u00f8r hud og giver den fugt og fylde, s\u00e5 huden ser frisk og fyldig ud.<br \/>\nMindsker rynker og fremmer hudcellefornyelsen.<\/p>\n<p>Hyaluron, i form af natriumhyaluronat, er den overlegne ingrediens med de bedste resultater til at tilf\u00f8re fugt i hudcellerne, og derved opn\u00e5s bedre elasticitet i huden og f\u00e6rre rynker.<\/p>\n<p><strong>CBD \u2013<\/strong> CBD hj\u00e6lper med at regulere hudens olieproduktion og giver den korrekte balance til din hudtype. Det hj\u00e6lper med at reducere inflammation og er s\u00e6rdeles velegnet til brug p\u00e5 problematisk hud.<\/p>\n<p><strong>Hyaluron \u2013<\/strong> i form af natriumhyaluronat for optimal absorbering. Hj\u00e6lper processen med at binde fugten i huden. Virker som et skjold mod frie radikaler og forurening.<\/p>\n<p><strong>C-vitamin \u2013<\/strong> i etyleret form for ekstra stabilitet og hurtig gl\u00f8d. Bek\u00e6mper frie radikaler og synlige tegn p\u00e5 aldring.<\/p>\n<p><strong>Rosa Rugosa \u2013<\/strong> Rosenblomstekstrakt. Beroligende, reducerer r\u00f8dme. Is\u00e6r nyttig til t\u00f8r, f\u00f8lsom, irriteret eller moden hud. Naturlig astringerende effekt.<\/p>\n<p><strong>Honning \u2013<\/strong> Fugter, hydrerer, n\u00e6rer huden med dens naturligt helende egenskaber.<\/p>\n<p><strong>Portulakekstrakt \u2013<\/strong> sp\u00e6kket med n\u00e6ringsstoffer og anti-aldringsforbindelser med antioxidative, antiinflammatoriske og astringerende virkninger.<\/p>\n<p><strong>Snow Fungus \u2013<\/strong> traditionel kinesisk medicin, antioxidant og fugtgivende.<\/p>\n<p><strong>ANVENDELSE:<\/strong> P\u00e5f\u00f8r p\u00e5 ren og t\u00f8r hud i sm\u00e5 bankende bev\u00e6gelser med fingerspidserne. Lad det absorbere af sig selv.<br \/>\nFor det bedste resultat brug om morgenen som base for din creme og make-up rutine og igen om aftenen som et hudforst\u00e6rkende produkt, s\u00e5 det kan virke natten over.<\/p>\n<p><strong>Ingredienser:<\/strong> <em>Vand (Aqua), Propylenglycol, Betain, Glycerin, Natriumhyaluronat (Hyaluronsyre), Biosaccharid Gum-2, Ethyl ascorbinsyre (C-vitamin), Cannabidiol, Trehalose, Hydrolyseret Tremella Fuciformis, Polysaccharid, Rugosa-ekstrakt, Rosa-blomst Ekstrakt, Hydrolyseret hvedeprotein, Portulaca Oleracea-ekstrakt, Hydroxyethylcellulose, Hydroxypropyl Guar, Ethylhexylglycerin, Peg-40 Hydrogeneret ricinusolie, Hydrolyseret Albumen, Phenoxyethanol, Parfume.<\/em><\/p>\n<div id=\"gtx-trans\" style=\"position: absolute; left: 302px; top: 156.868px;\">\n<div class=\"gtx-trans-icon\"><\/div>\n<\/div>\n<p><\/p>","protected":false},"excerpt":{"rendered":"<p>Wetality Beauty package indeholder:<\/p>\n<ul>\n<li>3x Wetality Collagen med Vitamin D og Serum Hyaluron<\/li>\n<\/ul>\n","protected":false},"featured_media":86193,"comment_status":"closed","ping_status":"closed","template":"","meta":[],"product_brand":[],"product_cat":[11,41,15,2297],"product_tag":[],"class_list":{"0":"post-88852","1":"product","2":"type-product","3":"status-publish","4":"has-post-thumbnail","6":"product_cat-supplements","7":"product_cat-autoship-customers","8":"product_cat-autoship-products","9":"product_cat-subscription-product","10":"product_shipping_class-autoship-vat","12":"first","13":"instock","14":"taxable","15":"shipping-taxable","16":"purchasable","17":"product-type-subscription"},"_links":{"self":[{"href":"https:\/\/legacy.wetality.com\/da\/wp-json\/wp\/v2\/product\/88852","targetHints":{"allow":["GET"]}}],"collection":[{"href":"https:\/\/legacy.wetality.com\/da\/wp-json\/wp\/v2\/product"}],"about":[{"href":"https:\/\/legacy.wetality.com\/da\/wp-json\/wp\/v2\/types\/product"}],"replies":[{"embeddable":true,"href":"https:\/\/legacy.wetality.com\/da\/wp-json\/wp\/v2\/comments?post=88852"}],"wp:featuredmedia":[{"embeddable":true,"href":"https:\/\/legacy.wetality.com\/da\/wp-json\/wp\/v2\/media\/86193"}],"wp:attachment":[{"href":"https:\/\/legacy.wetality.com\/da\/wp-json\/wp\/v2\/media?parent=88852"}],"wp:term":[{"taxonomy":"product_brand","embeddable":true,"href":"https:\/\/legacy.wetality.com\/da\/wp-json\/wp\/v2\/product_brand?post=88852"},{"taxonomy":"product_cat","embeddable":true,"href":"https:\/\/legacy.wetality.com\/da\/wp-json\/wp\/v2\/product_cat?post=88852"},{"taxonomy":"product_tag","embeddable":true,"href":"https:\/\/legacy.wetality.com\/da\/wp-json\/wp\/v2\/product_tag?post=88852"}],"curies":[{"name":"wp","href":"https:\/\/api.w.org\/{rel}","templated":true}]}}