{"id":78285,"date":"2021-04-22T13:17:14","date_gmt":"2021-04-22T13:17:14","guid":{"rendered":"https:\/\/legacy.wetality.com\/?post_type=product&#038;p=78285"},"modified":"2026-04-08T10:00:14","modified_gmt":"2026-04-08T10:00:14","slug":"wetality-collagen-vitamin-d-package-smartship","status":"publish","type":"product","link":"https:\/\/legacy.wetality.com\/da\/product\/wetality-collagen-vitamin-d-package-smartship\/","title":{"rendered":"Wetality Collagen with Vitamin D package"},"content":{"rendered":"<p><strong> BRUG: <\/strong>Ryst flasken og m\u00e5l den anbefalede dosis p\u00e5 25 ml af i medf\u00f8lgende h\u00e6tte. Drik som shot eller bland det med din ynglingsdrik.<br \/>\nIndtages p\u00e5 tom mave for bedre optagelse.<\/p>\n<p><strong>Ingredienser:<\/strong> <em>Multifiltreret vand, hydrolyseret fiskekollagen type 1 &amp; 3; (Pure Peptide hydrolyseret fiskekollagen indeholder aminosyrerne: l-glycin, l-prolin, l-alanin, l-hydroxyprolin, l-glutaminsyre, l-arginin, l-asparaginsyre, l-serin, l-lysin, l -leucin, l-valin, l-threonin, l-phenylalanin, l-isoleucin, l-hydroxylysin, l-methionin, l-histidin, l-tyrosin, l-cystein, l-ascorbinsyre, smag (naturlige jordb\u00e6r), naturlig farve (lilla kartoffelpulver), emulgator (xanthangummi), friskhedsbevarende middel (kaliumsorbat, natriumbenzoat), natriumhyaluronat, silikonedioxid, d-calciumpantothenat, d-biotin, pyridoxin hcl, natriumselenit, s\u00f8demiddel (steviolglycosider, thaumatin), surhedsregulerende middel (citronsyre), cholecalciferol, methylcobalamin.<br \/>\n100% naturlig smag og naturlig farve. Naturlig fri for laktose, \u00e6g, gluten soja og n\u00f8dder.<br \/>\n<\/em><\/p>\n<p><strong><img loading=\"lazy\" decoding=\"async\" class=\"alignnone wp-image-89283\" src=\"https:\/\/legacy.wetality.com\/wp-content\/uploads\/2022\/01\/badges-for-collagen-300x57.png\" alt=\"\" width=\"500\" height=\"95\" srcset=\"https:\/\/legacy.wetality.com\/wp-content\/uploads\/2022\/01\/badges-for-collagen-300x57.png 300w, https:\/\/legacy.wetality.com\/wp-content\/uploads\/2022\/01\/badges-for-collagen-416x79.png 416w, https:\/\/legacy.wetality.com\/wp-content\/uploads\/2022\/01\/badges-for-collagen.png 759w\" sizes=\"auto, (max-width: 500px) 100vw, 500px\" \/><\/strong><\/p>\n<p><strong>FORSIGTIG:<\/strong> Undg\u00e5 at overskride den anbefalede daglige dosis. Et ern\u00e6ringstilskud er ikke en erstatning for en varieret kost. Opbevares utilg\u00e6ngeligt for b\u00f8rn.<\/p>\n<p>Hvis du har en medicinsk diagnose eller hvis du er gravid eller ammer, b\u00f8r du konsulterer din l\u00e6ge inden brug. Bivirkninger kan forekomme.<\/p>\n<p><strong>Allergiadvarsel: <\/strong>Indeholder fisk.<\/p>\n<p><strong>OPBEVARING:<\/strong> Opbevares p\u00e5 et t\u00f8rt og k\u00f8ligt sted (op til 25 \u00b0C). Efter \u00e5bning skal det opbevares i k\u00f8leskab og forbruges inden for to m\u00e5neder.<\/p>\n<table id=\"msm-collagen\">\n<tbody>\n<tr>\n<th><\/th>\n<th>Per 25 ML<\/th>\n<th>Per 100 ML<\/th>\n<th>RI*<\/th>\n<\/tr>\n<tr>\n<td>C-vitamin<\/td>\n<td>120 mg<\/td>\n<td>480 mg<\/td>\n<td>150%<\/td>\n<\/tr>\n<tr>\n<td>Vitamin B5<\/td>\n<td>5 mg<\/td>\n<td>20 mg<\/td>\n<td>83%<\/td>\n<\/tr>\n<tr>\n<td>Vitamin B6<\/td>\n<td>1 mg<\/td>\n<td>4 mg<\/td>\n<td>71%<\/td>\n<\/tr>\n<tr>\n<td>Vitamin B7 Biotin<\/td>\n<td>5000 \u03bcg<\/td>\n<td>20000 \u03bcg<\/td>\n<td>10000%<\/td>\n<\/tr>\n<tr>\n<td>Vitamin B12<\/td>\n<td>24 \u03bcg<\/td>\n<td>96 \u03bcg<\/td>\n<td>960%<\/td>\n<\/tr>\n<tr>\n<td>Vitamin D3<\/td>\n<td>15 \u03bcg<\/td>\n<td>60 \u03bcg<\/td>\n<td>300%<\/td>\n<\/tr>\n<tr>\n<td>Selen<\/td>\n<td>27.5 \u03bcg<\/td>\n<td>110 \u03bcg<\/td>\n<td>50%<\/td>\n<\/tr>\n<tr>\n<td>Hyaluronsyre<\/td>\n<td>50 mg<\/td>\n<td>200 mg<\/td>\n<td>**<\/td>\n<\/tr>\n<tr>\n<td>Silica<\/td>\n<td>50 mg<\/td>\n<td>200 mg<\/td>\n<td>**<\/td>\n<\/tr>\n<tr>\n<td>Hydrolyseret fiskekollagen<\/td>\n<td>10000 mg<\/td>\n<td>40000 mg<\/td>\n<td>**<\/td>\n<\/tr>\n<\/tbody>\n<\/table>\n<p>&nbsp;<\/p>\n<h5>*RI = reference indtag (% del af gennemsnitligt dagligt behov for voksne personer) i 25 ml<br \/>\n** = RI er ikke specificeret<\/h5>\n<div id=\"gtx-trans\" style=\"position: absolute; left: -52px; top: -15.7951px;\">\n<div class=\"gtx-trans-icon\"><\/div>\n<\/div>\n<p><\/p>","protected":false},"excerpt":{"rendered":"<p>Wetality Collagen + Vitamin D pakken indeholder:<\/p>\n<ul>\n<li>3x Wetality Collagen med Vitamin D<\/li>\n<\/ul>\n","protected":false},"featured_media":128799,"comment_status":"open","ping_status":"closed","template":"","meta":[],"product_brand":[],"product_cat":[11,41,15,2297],"product_tag":[],"class_list":{"0":"post-78285","1":"product","2":"type-product","3":"status-publish","4":"has-post-thumbnail","6":"product_cat-supplements","7":"product_cat-autoship-customers","8":"product_cat-autoship-products","9":"product_cat-subscription-product","10":"product_shipping_class-autoship-vat","12":"first","13":"instock","14":"taxable","15":"shipping-taxable","16":"purchasable","17":"product-type-subscription"},"_links":{"self":[{"href":"https:\/\/legacy.wetality.com\/da\/wp-json\/wp\/v2\/product\/78285","targetHints":{"allow":["GET"]}}],"collection":[{"href":"https:\/\/legacy.wetality.com\/da\/wp-json\/wp\/v2\/product"}],"about":[{"href":"https:\/\/legacy.wetality.com\/da\/wp-json\/wp\/v2\/types\/product"}],"replies":[{"embeddable":true,"href":"https:\/\/legacy.wetality.com\/da\/wp-json\/wp\/v2\/comments?post=78285"}],"wp:featuredmedia":[{"embeddable":true,"href":"https:\/\/legacy.wetality.com\/da\/wp-json\/wp\/v2\/media\/128799"}],"wp:attachment":[{"href":"https:\/\/legacy.wetality.com\/da\/wp-json\/wp\/v2\/media?parent=78285"}],"wp:term":[{"taxonomy":"product_brand","embeddable":true,"href":"https:\/\/legacy.wetality.com\/da\/wp-json\/wp\/v2\/product_brand?post=78285"},{"taxonomy":"product_cat","embeddable":true,"href":"https:\/\/legacy.wetality.com\/da\/wp-json\/wp\/v2\/product_cat?post=78285"},{"taxonomy":"product_tag","embeddable":true,"href":"https:\/\/legacy.wetality.com\/da\/wp-json\/wp\/v2\/product_tag?post=78285"}],"curies":[{"name":"wp","href":"https:\/\/api.w.org\/{rel}","templated":true}]}}