{"id":72513,"date":"2020-12-15T14:14:39","date_gmt":"2020-12-15T14:14:39","guid":{"rendered":"https:\/\/legacy.wetality.com\/?post_type=product&#038;p=72513"},"modified":"2021-08-04T12:14:44","modified_gmt":"2021-08-04T12:14:44","slug":"wetality-pure-cinnamon-smartship","status":"publish","type":"product","link":"https:\/\/legacy.wetality.com\/da\/product\/wetality-pure-cinnamon-smartship\/","title":{"rendered":"Wetality Pure Cinnamon"},"content":{"rendered":"<p><strong>Kanelbark \u00e6terisk olie<\/strong> kan virke irriterende p\u00e5 huden og b\u00f8r aldrig p\u00e5f\u00f8res direkte p\u00e5 huden. Kanelblad \u00e6terisk olie er noget mildere og n\u00e5r fortyndet i en b\u00e6reolie kan p\u00e5f\u00f8res p\u00e5 huden, men ikke p\u00e5 f\u00f8lsomme omr\u00e5der. Wetality kanelbladolie er <strong>100 % ren og ugiftig.<\/strong><\/p>\n<p><strong>Kanelblad \u00e6terisk olie<\/strong> har en behagelig, beroligende aroma, som er b\u00e5de s\u00f8d og krydret med nogle tr\u00e6agtige lag. Det hj\u00e6lper med at skabe en atmosf\u00e6re af gl\u00e6de.<\/p>\n<p><strong>Kanelolie har kraftige antiseptiske egenskaber<\/strong>. N\u00e5r den s\u00e6ttes i en diffusor, siges at denne olie hj\u00e6lper med at bek\u00e6mpe fork\u00f8lelse og \u00f8ge humoret. P\u00e5 grund af de h\u00f8jere eugenol-indhold, vurderes bladolie som en smertestillende middel. Det anbefales af naturl\u00e6ger for dets antimikrobielle og antivirale egenskaber.<\/p>\n<p><strong>BRUG:<\/strong> F\u00f8j et par dr\u00e5ber til din diffusor, for at nyde fordelene og aromaen. Tils\u00e6t et par dr\u00e5ber i en b\u00e6reolie, og mass\u00e9r den ind i din hud for at \u00f8ge den nydelse enda mere.<\/p>\n<p><strong>FORSIGTIG:<\/strong> Fortynd altid i en b\u00e6reolie inden p\u00e5f\u00f8ring. Undg\u00e5 sensitive omr\u00e5der. Undg\u00e5 \u00f8jenkontakt. Gravide b\u00f8r helst undg\u00e5 kanel \u00e6terisk olie. Opbevares utilg\u00e6ngeligt for b\u00f8rn.<\/p>\n<p>Kaneltr\u00e6et er hjemmeh\u00f8rende i det indiske subkontinent og har v\u00e6ret et vigtigt handelssted i \u00e5rhundreder mellem land som Indien, Kina og \u00c6gypten. Dens kilde har l\u00e6nge v\u00e6ret et mysterium for den vestlige verden. If\u00f8lge Herodot og andre forfattere var Arabien kilde til kanel. Historien fort\u00e6ller, at giganstiske kanelfugle samlede kanelst\u00e6nger til deres reder fra et mystisk sted, hvor kaneltr\u00e6er voksede. Araberne narrede derefter fuglene og fik kanel fra dem. Denne myte var aktuelt op til 1310 i Byzantium.<\/p>\n<p>&nbsp;<\/p>\n<p><div style=\"width: 640px;\" class=\"wp-video\"><video class=\"wp-video-shortcode\" id=\"video-72513-3\" width=\"640\" height=\"360\" preload=\"metadata\" controls=\"controls\"><source type=\"video\/mp4\" src=\"https:\/\/legacy.wetality.com\/wp-content\/uploads\/2019\/12\/Ess_Oils_Final.mp4?_=3\" \/><a href=\"https:\/\/legacy.wetality.com\/wp-content\/uploads\/2019\/12\/Ess_Oils_Final.mp4\">https:\/\/legacy.wetality.com\/wp-content\/uploads\/2019\/12\/Ess_Oils_Final.mp4<\/a><\/video><\/div><\/p>","protected":false},"excerpt":{"rendered":"<p>100% naturlig og ren.<\/p>\n<p><strong>Cinnamon essential oil<\/strong> er fremstillet ved vanddampdestillering fra Cinnamomum zeylanicum tr\u00e6et, ogs\u00e5 kendt under navnet Ceylon kanel eller \u00e6gte kanel.<br \/>\nDet finnes to slags \u00e6teriske olier fremstillet fra denne plante. Den ene kommer fra bladene og er mildere. Farverne g\u00e5r fra gul til lysebrun og som oftest bruges i aromaterapi. Den anden er fra barken og er m\u00f8rkere brun.<\/p>\n<p><a href=\"https:\/\/www.wetality.com\/da\/product-claims-health-disclaimer\/\">Produktkrav og sundhedsansvarsforklaring<\/a><\/p>\n","protected":false},"featured_media":72512,"comment_status":"open","ping_status":"closed","template":"","meta":[],"product_brand":[],"product_cat":[15,41,2297],"product_tag":[2269],"class_list":{"0":"post-72513","1":"product","2":"type-product","3":"status-publish","4":"has-post-thumbnail","6":"product_cat-autoship-products","7":"product_cat-autoship-customers","8":"product_cat-subscription-product","9":"product_tag-cinnamon-essential-oil","10":"product_shipping_class-autoship-vat","12":"first","13":"instock","14":"taxable","15":"shipping-taxable","16":"purchasable","17":"product-type-subscription"},"_links":{"self":[{"href":"https:\/\/legacy.wetality.com\/da\/wp-json\/wp\/v2\/product\/72513","targetHints":{"allow":["GET"]}}],"collection":[{"href":"https:\/\/legacy.wetality.com\/da\/wp-json\/wp\/v2\/product"}],"about":[{"href":"https:\/\/legacy.wetality.com\/da\/wp-json\/wp\/v2\/types\/product"}],"replies":[{"embeddable":true,"href":"https:\/\/legacy.wetality.com\/da\/wp-json\/wp\/v2\/comments?post=72513"}],"wp:featuredmedia":[{"embeddable":true,"href":"https:\/\/legacy.wetality.com\/da\/wp-json\/wp\/v2\/media\/72512"}],"wp:attachment":[{"href":"https:\/\/legacy.wetality.com\/da\/wp-json\/wp\/v2\/media?parent=72513"}],"wp:term":[{"taxonomy":"product_brand","embeddable":true,"href":"https:\/\/legacy.wetality.com\/da\/wp-json\/wp\/v2\/product_brand?post=72513"},{"taxonomy":"product_cat","embeddable":true,"href":"https:\/\/legacy.wetality.com\/da\/wp-json\/wp\/v2\/product_cat?post=72513"},{"taxonomy":"product_tag","embeddable":true,"href":"https:\/\/legacy.wetality.com\/da\/wp-json\/wp\/v2\/product_tag?post=72513"}],"curies":[{"name":"wp","href":"https:\/\/api.w.org\/{rel}","templated":true}]}}