{"id":72499,"date":"2020-12-15T11:52:37","date_gmt":"2020-12-15T11:52:37","guid":{"rendered":"https:\/\/legacy.wetality.com\/?post_type=product&#038;p=72499"},"modified":"2026-02-23T13:56:50","modified_gmt":"2026-02-23T13:56:50","slug":"serum-hyaluron","status":"publish","type":"product","link":"https:\/\/legacy.wetality.com\/da\/product\/serum-hyaluron\/","title":{"rendered":"Serum Hyaluron"},"content":{"rendered":"<p>&nbsp;<\/p>\n<p><strong>Hyaluron serum<\/strong> med <strong>CBD<\/strong> og <strong>C-vitamin<\/strong> er en fantastisk l\u00f8sning til livl\u00f8s, tr\u00e6t, dehydreret og irriteret hud.<br \/>\nDet kan hj\u00e6lpe dig med at genskabe den naturlige ansigtsgl\u00f8d.<\/p>\n<p>Serum styrker hudens fugtbarriere og genskaber dens fasthed og fugt. Den bevarer hudens generelle sundhed og genopretter hudens balance.<\/p>\n<p>Denne utrolige formel n\u00e6rer og hj\u00e6lper med at berolige t\u00f8r hud og giver den fugt og fylde, s\u00e5 huden ser frisk og fyldig ud.<br \/>\nMindsker rynker og fremmer hudcellefornyelsen.<\/p>\n<p>Hyaluron, i form af natriumhyaluronat, er den overlegne ingrediens med de bedste resultater til at tilf\u00f8re fugt i hudcellerne, og derved opn\u00e5s bedre elasticitet i huden og f\u00e6rre rynker.<\/p>\n<p><strong>CBD &#8211;<\/strong> CBD hj\u00e6lper med at regulere hudens olieproduktion og giver den korrekte balance til din hudtype. Det hj\u00e6lper med at reducere inflammation og er s\u00e6rdeles velegnet til brug p\u00e5 problematisk hud.<\/p>\n<p><strong>Hyaluron &#8211;<\/strong> i form af natriumhyaluronat for optimal absorbering. Hj\u00e6lper processen med at binde fugten i huden. Virker som et skjold mod frie radikaler og forurening.<\/p>\n<p><strong>C-vitamin &#8211;<\/strong> i etyleret form for ekstra stabilitet og hurtig gl\u00f8d. Bek\u00e6mper frie radikaler og synlige tegn p\u00e5 aldring.<\/p>\n<p><strong>Rosa Rugosa &#8211;<\/strong> Rosenblomstekstrakt. Beroligende, reducerer r\u00f8dme. Is\u00e6r nyttig til t\u00f8r, f\u00f8lsom, irriteret eller moden hud. Naturlig astringerende effekt.<\/p>\n<p><strong>Honning &#8211;<\/strong> Fugter, hydrerer, n\u00e6rer huden med dens naturligt helende egenskaber.<\/p>\n<p><strong>Portulakekstrakt &#8211;<\/strong> sp\u00e6kket med n\u00e6ringsstoffer og anti-aldringsforbindelser med antioxidative, antiinflammatoriske og astringerende virkninger.<\/p>\n<p><strong>Snow Fungus &#8211;<\/strong> traditionel kinesisk medicin, antioxidant og fugtgivende.<\/p>\n<p><strong>ANVENDELSE:<\/strong> P\u00e5f\u00f8r p\u00e5 ren og t\u00f8r hud i sm\u00e5 bankende bev\u00e6gelser med fingerspidserne. Lad det absorbere af sig selv.<br \/>\nFor det bedste resultat brug om morgenen som base for din creme og make-up rutine og igen om aftenen som et hudforst\u00e6rkende produkt, s\u00e5 det kan virke natten over.<\/p>","protected":false},"excerpt":{"rendered":"<p>Wetality Hyaluron serum med <strong>CBD<\/strong> og <strong>C-vitamin<\/strong> giver intens fugt og balance.<br \/>\nDens lette, naturlige<strong>*<\/strong> formulering er ideel til alle hudtyper.<br \/>\nDen behandler og forbedrer hudens udseende.<\/p>\n<p><strong><em>*mere end 90% naturlige ingredienser<\/em><\/strong><\/p>\n<p><strong>Ingredienser:<\/strong> <em>Vand (Aqua), Propylenglycol, Betain, Glycerin, Natriumhyaluronat (Hyaluronsyre), Biosaccharid Gum-2, Ethyl ascorbinsyre (C-vitamin), Cannabidiol, Trehalose, Hydrolyseret Tremella Fuciformis, Polysaccharid, Rugosa-ekstrakt, Rosa-blomst Ekstrakt, Hydrolyseret hvedeprotein, Portulaca Oleracea-ekstrakt, Hydroxyethylcellulose, Hydroxypropyl Guar, Ethylhexylglycerin, Peg-40 Hydrogeneret ricinusolie, Hydrolyseret Albumen, Phenoxyethanol, Parfume<\/em><\/p>\n","protected":false},"featured_media":85517,"comment_status":"open","ping_status":"closed","template":"","meta":[],"product_brand":[],"product_cat":[70,2299,14],"product_tag":[],"class_list":{"0":"post-72499","1":"product","2":"type-product","3":"status-publish","4":"has-post-thumbnail","6":"product_cat-danish-products","7":"product_cat-serums","8":"product_cat-single-products","9":"product_shipping_class-shipping-vat","11":"first","12":"instock","13":"taxable","14":"shipping-taxable","15":"purchasable","16":"product-type-simple"},"_links":{"self":[{"href":"https:\/\/legacy.wetality.com\/da\/wp-json\/wp\/v2\/product\/72499","targetHints":{"allow":["GET"]}}],"collection":[{"href":"https:\/\/legacy.wetality.com\/da\/wp-json\/wp\/v2\/product"}],"about":[{"href":"https:\/\/legacy.wetality.com\/da\/wp-json\/wp\/v2\/types\/product"}],"replies":[{"embeddable":true,"href":"https:\/\/legacy.wetality.com\/da\/wp-json\/wp\/v2\/comments?post=72499"}],"wp:featuredmedia":[{"embeddable":true,"href":"https:\/\/legacy.wetality.com\/da\/wp-json\/wp\/v2\/media\/85517"}],"wp:attachment":[{"href":"https:\/\/legacy.wetality.com\/da\/wp-json\/wp\/v2\/media?parent=72499"}],"wp:term":[{"taxonomy":"product_brand","embeddable":true,"href":"https:\/\/legacy.wetality.com\/da\/wp-json\/wp\/v2\/product_brand?post=72499"},{"taxonomy":"product_cat","embeddable":true,"href":"https:\/\/legacy.wetality.com\/da\/wp-json\/wp\/v2\/product_cat?post=72499"},{"taxonomy":"product_tag","embeddable":true,"href":"https:\/\/legacy.wetality.com\/da\/wp-json\/wp\/v2\/product_tag?post=72499"}],"curies":[{"name":"wp","href":"https:\/\/api.w.org\/{rel}","templated":true}]}}