{"id":72497,"date":"2020-12-15T11:49:53","date_gmt":"2020-12-15T11:49:53","guid":{"rendered":"https:\/\/legacy.wetality.com\/?post_type=product&#038;p=72497"},"modified":"2026-02-25T23:48:34","modified_gmt":"2026-02-25T23:48:34","slug":"serum-retinol","status":"publish","type":"product","link":"https:\/\/legacy.wetality.com\/da\/product\/serum-retinol\/","title":{"rendered":"Serum Retinol"},"content":{"rendered":"<p>&nbsp;<\/p>\n<p><strong>Wetality serum Retinol<\/strong> er sk\u00e5nsom, men rig p\u00e5 antioxidantserum.<\/p>\n<p>Den kan hj\u00e6lpe med at stimulere kollagen- og elastinsyntesen for en fastere og glattere hud. Serum genopretter en sund hudbalance.<br \/>\nFormlen forbedrer hudens tekstur og bidrager til en smuk og naturlig gl\u00f8d.<\/p>\n<p>Den holder p\u00e5 fugten og bek\u00e6mper udefra kommende forurening som fx fra bilos. Denne serum toner og frig\u00f8r porerne samt hj\u00e6lper med at reducere acne udbrud. Den kan hj\u00e6lpe dig med at mindske pigment forandringer.<\/p>\n<p><strong>Retinol &#8211;<\/strong> Et derivat af vitamin A. Anses som den mest kraftfulde anti-aging hudplejeingrediens. Det hj\u00e6lper med at \u00f8ge cellefornyelsen i huden.<\/p>\n<p><strong>CBD &#8211;<\/strong> CBD hj\u00e6lper med at regulere hudens olieproduktion, og f\u00e5 den korrekte balance til din hudtype. Det hj\u00e6lper med at reducere inflammation og er s\u00e6rdeles velegnet til problematisk hud.<\/p>\n<p><strong>Hyaluron &#8211;<\/strong> i form af natriumhyaluronat for optimal absobering. Hj\u00e6lper processen med at tilbageholde vand og binde fugt ind i huden. Virker som et skjold mod frie radikaler og forurening.<\/p>\n<p><strong>Betain &#8211;<\/strong> Aminosyre, der findes naturligt i kroppen. Fugter, fylder og styrker.<\/p>\n<p><strong>Granat\u00e6bleekstrakt &#8211;<\/strong> hj\u00e6lper med produktionen af \u200b\u200bkollagen og elastin, forbedrer hudens struktur.<\/p>\n<p><strong>Gr\u00f8n te &#8211;<\/strong> beskytter huden mod UV-stress ved at begr\u00e6nse cellul\u00e6r fotoaldring.<\/p>\n<p><strong>Baobabekstrakt &#8211;<\/strong> Kilde til antioxidanter, reducerer synlige tegn p\u00e5 hud\u00e6ldning, renser porer og eksfolierer blidt.<\/p>\n<p><strong>Vitamin E &#8211;<\/strong> En kraftig antioxidant, der hj\u00e6lper mod skader for\u00e5rsaget af frie radikaler.<\/p>\n<p><strong>ANVENDELSE:<\/strong> P\u00e5f\u00f8r p\u00e5 ren og t\u00f8r hud i sm\u00e5 bankende bev\u00e6gelser med fingerspidserne. Lad det absorbere af sig selv.<br \/>\nFor det bedste resultat brug om morgenen som base for din creme og make-up rutine og igen om aftenen som et hudforst\u00e6rkende produkt, s\u00e5 det kan virke natten over.<\/p>","protected":false},"excerpt":{"rendered":"<p>Retinol serum med <strong>CBD<\/strong> og <strong>vitamin E<\/strong> er et fantastisk produkt til at mindske fine linjer og rynker samt reducering af synlig tegn p\u00e5 aldring af huden.<\/p>\n<p>Let, naturlig<strong>*<\/strong> formulering.<br \/>\n<em><strong>*mere end 90% naturlige ingredienser<\/strong><\/em><\/p>\n<p><strong>Ingredienser:<\/strong> <em>Vand (Aqua), Glycerin, Betain, Punica Granatum Frugtekstrakt, Trehalose, Cannabidiol, Camellia Sinensis Leaf Pulver, Olea Europaea Frugtvand, Hydrolyseret Adansonia Digitata Extract, Hydroxyethyl Urea, Tocopherol (Vitamin E), Allantourloin VP, Allantourloin,yl Copolymer, Carbomer, Natriumhyaluronat (Hyaluronsyre), Retinol (Vitamin A), Triethanolamin, Ethylhexylglycerin, Peg-40 hydrogeneret ricinusolie, Hydrolyseret Albumen, Phenoxyethanol, Parfume<\/em><\/p>\n","protected":false},"featured_media":85518,"comment_status":"open","ping_status":"closed","template":"","meta":[],"product_brand":[],"product_cat":[70,2299,14],"product_tag":[],"class_list":{"0":"post-72497","1":"product","2":"type-product","3":"status-publish","4":"has-post-thumbnail","6":"product_cat-danish-products","7":"product_cat-serums","8":"product_cat-single-products","9":"product_shipping_class-shipping-vat","11":"first","12":"instock","13":"taxable","14":"shipping-taxable","15":"purchasable","16":"product-type-simple"},"_links":{"self":[{"href":"https:\/\/legacy.wetality.com\/da\/wp-json\/wp\/v2\/product\/72497","targetHints":{"allow":["GET"]}}],"collection":[{"href":"https:\/\/legacy.wetality.com\/da\/wp-json\/wp\/v2\/product"}],"about":[{"href":"https:\/\/legacy.wetality.com\/da\/wp-json\/wp\/v2\/types\/product"}],"replies":[{"embeddable":true,"href":"https:\/\/legacy.wetality.com\/da\/wp-json\/wp\/v2\/comments?post=72497"}],"wp:featuredmedia":[{"embeddable":true,"href":"https:\/\/legacy.wetality.com\/da\/wp-json\/wp\/v2\/media\/85518"}],"wp:attachment":[{"href":"https:\/\/legacy.wetality.com\/da\/wp-json\/wp\/v2\/media?parent=72497"}],"wp:term":[{"taxonomy":"product_brand","embeddable":true,"href":"https:\/\/legacy.wetality.com\/da\/wp-json\/wp\/v2\/product_brand?post=72497"},{"taxonomy":"product_cat","embeddable":true,"href":"https:\/\/legacy.wetality.com\/da\/wp-json\/wp\/v2\/product_cat?post=72497"},{"taxonomy":"product_tag","embeddable":true,"href":"https:\/\/legacy.wetality.com\/da\/wp-json\/wp\/v2\/product_tag?post=72497"}],"curies":[{"name":"wp","href":"https:\/\/api.w.org\/{rel}","templated":true}]}}