{"id":72277,"date":"2020-12-10T10:17:50","date_gmt":"2020-12-10T10:17:50","guid":{"rendered":"https:\/\/legacy.wetality.com\/?post_type=product&#038;p=72277"},"modified":"2021-10-10T03:02:30","modified_gmt":"2021-10-10T03:02:30","slug":"wetality-organic-eucalyptus-smartship","status":"publish","type":"product","link":"https:\/\/legacy.wetality.com\/da\/product\/wetality-organic-eucalyptus-smartship\/","title":{"rendered":"Wetality Organic Eucalyptus"},"content":{"rendered":"<p>Produceret ved dampdestillation af <strong>febertr\u00e6 (eucalyptus)<\/strong>.<\/p>\n<p>De vigtigste kemiske stoffer er <strong>1,4-cineol<\/strong>, <strong>d-limonen<\/strong>, <strong>p-cymen<\/strong>, <strong>b-pinen<\/strong>, <strong>a-pinen<\/strong> og<strong> linalool<\/strong>.<br \/>\nOliens egenskaber menes at v\u00e6re antibakterielle, desinficerende og smertestillende.<br \/>\n<strong>Eucalyptus<\/strong> anses for at v\u00e6re en af vigtigste duftolier i verden.<\/p>\n<p>Kan v\u00e6re behj\u00e6lpelig med at lindre hoste, fork\u00f8lelse og \u00e5ndedr\u00e6tsbesv\u00e6r. Desuden findes i sportscremer og geler for at berolige muskel og ledsmerter.<\/p>\n<p><strong>Wetality Organic Eucalyptus \u00e6terisk olie er fri<\/strong> for pesticider, kemikalier og opl\u00f8sningsmidler og er derfor velegnet til de fleste anvendelser.<\/p>\n<p>Eucalyptus er karakteriseret ved sin moderat, men alligevel energisk duft med citrusovertoner og findes ofte i aromaterapi til at rykke frem aroma, vitalitet og aktivitet.<\/p>\n<p><strong>BRUG:<\/strong> F\u00f8j et par dr\u00e5ber i din diffuser og nyd effekten og duften. Tils\u00e6t et par dr\u00e5ber i en b\u00e6reolie, og mass\u00e9r den ind i din hud for at \u00f8ge den nydelse enda mere. <u>OBS!<\/u> \u2013 fortynd p\u00e5 insektbid for at lindre \u00f8mhed eller kl\u00f8e.<\/p>\n<p><strong>FORSIGTIG:<\/strong> Fortynd altid i en b\u00e6reolie inden p\u00e5f\u00f8ring, Undg\u00e5 sensitive omr\u00e5der. Undg\u00e5 \u00f8jenkontakt og slimhinder. M\u00e5 ikke anvendes, hvis du er gravid eller lider af for h\u00f8jt blodtryk eller epilepsi. Opbevares utilg\u00e6ngeligt for b\u00f8rn.<\/p>\n<p>Blandt andet, eucalyptus \u00e6terisk olie var ogs\u00e5 kendt hos aboriginere. Betragtet som en helende plante, blevet den h\u00f8stet i sine 700 sorter. Den f\u00f8rste anvendelse i nyere historie har v\u00e6ret af baron Ferdinand von Muller, hvem genopdagede dens antiseptiske egenskaber.<\/p>\n<p>Dens forbrug var endda vigtigere i f\u00f8rste verdenskrig, p\u00e5 grund af den rasende influenza. I dag finder vi dyrkning af eucalyptus i lande som Spanien, Kina, Sydafrika, Portugal, Chile og Rusland.<\/p>\n<div id=\"gtx-trans\" style=\"position: absolute; left: 66px; top: 128px;\">\n<div class=\"gtx-trans-icon\"><\/div>\n<\/div>\n<div id=\"gtx-trans\" style=\"position: absolute; left: 501px; top: 886px;\">\n<div class=\"gtx-trans-icon\"><\/div>\n<\/div>\n<p><div style=\"width: 640px;\" class=\"wp-video\"><video class=\"wp-video-shortcode\" id=\"video-72277-3\" width=\"640\" height=\"360\" preload=\"metadata\" controls=\"controls\"><source type=\"video\/mp4\" src=\"https:\/\/legacy.wetality.com\/wp-content\/uploads\/2019\/12\/Ess_Oils_Final.mp4?_=3\" \/><a href=\"https:\/\/legacy.wetality.com\/wp-content\/uploads\/2019\/12\/Ess_Oils_Final.mp4\">https:\/\/legacy.wetality.com\/wp-content\/uploads\/2019\/12\/Ess_Oils_Final.mp4<\/a><\/video><\/div><\/p>","protected":false},"excerpt":{"rendered":"<p><strong>100 %<\/strong> naturlig og ren. Certificeret \u00f8kologisk.<br \/>\nProduceret ved dampdestillation af <strong>febertr\u00e6 (eucalyptus)<\/strong>.<br \/>\n<strong>Wetality Organic Eucalyptus \u00e6terisk olie er fri<\/strong> for pesticider, kemikalier og opl\u00f8sningsmidler og er derfor velegnet til de fleste anvendelser.<\/p>\n<p><a href=\"https:\/\/www.wetality.com\/product-claims-health-disclaimer\/\">Produktkrav og sundhedsansvarsforklaring<\/a><\/p>\n","protected":false},"featured_media":69821,"comment_status":"open","ping_status":"closed","template":"","meta":[],"product_brand":[],"product_cat":[15,41,2297],"product_tag":[],"class_list":{"0":"post-72277","1":"product","2":"type-product","3":"status-publish","4":"has-post-thumbnail","6":"product_cat-autoship-products","7":"product_cat-autoship-customers","8":"product_cat-subscription-product","9":"product_shipping_class-autoship-vat","11":"first","12":"instock","13":"taxable","14":"shipping-taxable","15":"purchasable","16":"product-type-subscription"},"_links":{"self":[{"href":"https:\/\/legacy.wetality.com\/da\/wp-json\/wp\/v2\/product\/72277","targetHints":{"allow":["GET"]}}],"collection":[{"href":"https:\/\/legacy.wetality.com\/da\/wp-json\/wp\/v2\/product"}],"about":[{"href":"https:\/\/legacy.wetality.com\/da\/wp-json\/wp\/v2\/types\/product"}],"replies":[{"embeddable":true,"href":"https:\/\/legacy.wetality.com\/da\/wp-json\/wp\/v2\/comments?post=72277"}],"wp:featuredmedia":[{"embeddable":true,"href":"https:\/\/legacy.wetality.com\/da\/wp-json\/wp\/v2\/media\/69821"}],"wp:attachment":[{"href":"https:\/\/legacy.wetality.com\/da\/wp-json\/wp\/v2\/media?parent=72277"}],"wp:term":[{"taxonomy":"product_brand","embeddable":true,"href":"https:\/\/legacy.wetality.com\/da\/wp-json\/wp\/v2\/product_brand?post=72277"},{"taxonomy":"product_cat","embeddable":true,"href":"https:\/\/legacy.wetality.com\/da\/wp-json\/wp\/v2\/product_cat?post=72277"},{"taxonomy":"product_tag","embeddable":true,"href":"https:\/\/legacy.wetality.com\/da\/wp-json\/wp\/v2\/product_tag?post=72277"}],"curies":[{"name":"wp","href":"https:\/\/api.w.org\/{rel}","templated":true}]}}