{"id":71898,"date":"2020-12-03T08:27:10","date_gmt":"2020-12-03T08:27:10","guid":{"rendered":"https:\/\/legacy.wetality.com\/?post_type=product&#038;p=71898"},"modified":"2021-08-04T12:22:00","modified_gmt":"2021-08-04T12:22:00","slug":"wetality-organic-peppermint-smartship","status":"publish","type":"product","link":"https:\/\/legacy.wetality.com\/da\/product\/wetality-organic-peppermint-smartship\/","title":{"rendered":"Wetality Organic Peppermint"},"content":{"rendered":"<p>Pebermynte er en aromatisk urt i myntefamilien. Den er en krydsning mellem mynte og vandmynte. Det er hjemmeh\u00f8rende i Europa og Nordamerika. Optegnelser af dens medicinske anvendelse g\u00e5r tilbage til det gamle Egypten, Gr\u00e6kenland og Rom.<\/p>\n<p>De vigtigste kemiske komponenter er menthol og menthone, som styrker, stimulerer og forhindrer bakteriev\u00e6kst.<\/p>\n<p><strong>Wetality Organic Peppermint essentiel olie <\/strong>er fri for pesticider, kemikalier eller opl\u00f8sningsmidler og kan derfor anvendes til mange forskellige problematikker.<\/p>\n<p><strong>\u00c6terisk pebermynteolie<\/strong> har en skarp lugt, der er k\u00f8lig og forfriskende.<\/p>\n<p>Denne essentielle olie er multifunktionel og dermed til en af \u200b\u200bde mest anvendelige olier sammen med lavendel. Den bruges hyppigt inden for aromaterapi og kosmetik.<\/p>\n<p>Den er god for huden og bruges i lotioner til behandling af solskoldning, kl\u00f8e eller bet\u00e6ndt hud. Den hj\u00e6lper med at bek\u00e6mpe d\u00e5rlig \u00e5nde og tandk\u00f8dsinfektioner, n\u00e5r den bruges i mundskyllemidler. N\u00e5r den bruges i en diffuser, holder den ogs\u00e5 myg og andre insekter v\u00e6k.<\/p>\n<p><strong>BRUG:<\/strong> F\u00f8j et par dr\u00e5ber til din diffusor og nyd dens gavnlige virkning og duft. Tils\u00e6t et par dr\u00e5ber i en b\u00e6reolie, og mass\u00e9r ind i huden for at fremme en klar, str\u00e5lende og glat hud.<\/p>\n<p><strong>TIPS:<\/strong> Tils\u00e6t et par dr\u00e5ber i saltvand, for at skabe dit egen naturlige reng\u00f8ringsmiddel. Den kan ogs\u00e5 tils\u00e6ttes til alle andre reng\u00f8ringsmidler for at fremme den antisvampe, antivirale og antibakterielle egenskaber.<\/p>\n<p>Fortyndes inden brug for at undg\u00e5 hudirritation.<\/p>\n<p><strong>FORSIGTIG:<\/strong> Fortynd altid i en b\u00e6reolie inden p\u00e5f\u00f8ring. Undg\u00e5 f\u00f8lsomme omr\u00e5der. Undg\u00e5 \u00f8jenkontakt og slimhinder. Undg\u00e5 den hvis du er gravid eller lider af for h\u00f8jt blodtryk eller epilepsi.<\/p>\n<p>Pebermynte er hjemmeh\u00f8rende i Middelhavet, men dyrkes nu i andre lande i Europa, Amerika og Asien. Pebermynte er blevet brugt siden oldtiden i Egypten, Gr\u00e6kenland, Rom, Kina og Japan. If\u00f8lge gr\u00e6sk mytologi, blev en nymfe ved navn Mentha i vrede forvandlet til en mynteplante af sin elskers kone Persefone. If\u00f8lge Plinius blev pebermynte brugt til at krone gr\u00e6kerne og romerne under fester. Den er blevet brugt medicinsk i England i de sidste par \u00e5rhundreder.<\/p>\n<p><div style=\"width: 640px;\" class=\"wp-video\"><video class=\"wp-video-shortcode\" id=\"video-71898-3\" width=\"640\" height=\"360\" preload=\"metadata\" controls=\"controls\"><source type=\"video\/mp4\" src=\"https:\/\/legacy.wetality.com\/wp-content\/uploads\/2019\/12\/Ess_Oils_Final.mp4?_=3\" \/><a href=\"https:\/\/legacy.wetality.com\/wp-content\/uploads\/2019\/12\/Ess_Oils_Final.mp4\">https:\/\/legacy.wetality.com\/wp-content\/uploads\/2019\/12\/Ess_Oils_Final.mp4<\/a><\/video><\/div><\/p>","protected":false},"excerpt":{"rendered":"<p><strong>100%<\/strong> naturlig og ren. Certificeret \u00f8kologisk.<br \/>\n<strong>\u00c6terisk pebermynteolie<\/strong> er vanddampdestilleret fra blomster af urten.<\/p>\n<p><a href=\"https:\/\/www.wetality.com\/product-claims-health-disclaimer\/\">Produktkrav og sundhedsansvarsforklaring<\/a><\/p>\n","protected":false},"featured_media":0,"comment_status":"open","ping_status":"closed","template":"","meta":[],"product_brand":[],"product_cat":[15,41,2297],"product_tag":[2255],"class_list":{"0":"post-71898","1":"product","2":"type-product","3":"status-publish","5":"product_cat-autoship-products","6":"product_cat-autoship-customers","7":"product_cat-subscription-product","8":"product_tag-peppermint-essential-oil","9":"product_shipping_class-autoship-vat","11":"first","12":"instock","13":"taxable","14":"shipping-taxable","15":"purchasable","16":"product-type-subscription"},"_links":{"self":[{"href":"https:\/\/legacy.wetality.com\/da\/wp-json\/wp\/v2\/product\/71898","targetHints":{"allow":["GET"]}}],"collection":[{"href":"https:\/\/legacy.wetality.com\/da\/wp-json\/wp\/v2\/product"}],"about":[{"href":"https:\/\/legacy.wetality.com\/da\/wp-json\/wp\/v2\/types\/product"}],"replies":[{"embeddable":true,"href":"https:\/\/legacy.wetality.com\/da\/wp-json\/wp\/v2\/comments?post=71898"}],"wp:attachment":[{"href":"https:\/\/legacy.wetality.com\/da\/wp-json\/wp\/v2\/media?parent=71898"}],"wp:term":[{"taxonomy":"product_brand","embeddable":true,"href":"https:\/\/legacy.wetality.com\/da\/wp-json\/wp\/v2\/product_brand?post=71898"},{"taxonomy":"product_cat","embeddable":true,"href":"https:\/\/legacy.wetality.com\/da\/wp-json\/wp\/v2\/product_cat?post=71898"},{"taxonomy":"product_tag","embeddable":true,"href":"https:\/\/legacy.wetality.com\/da\/wp-json\/wp\/v2\/product_tag?post=71898"}],"curies":[{"name":"wp","href":"https:\/\/api.w.org\/{rel}","templated":true}]}}