{"id":71897,"date":"2020-12-03T08:25:42","date_gmt":"2020-12-03T08:25:42","guid":{"rendered":"https:\/\/legacy.wetality.com\/?post_type=product&#038;p=71897"},"modified":"2021-08-04T12:22:07","modified_gmt":"2021-08-04T12:22:07","slug":"wetality-organic-lemon-smartship","status":"publish","type":"product","link":"https:\/\/legacy.wetality.com\/da\/product\/wetality-organic-lemon-smartship\/","title":{"rendered":"Wetality Organic Lemon"},"content":{"rendered":"<p>Produceret ved mekanisk koldpresning af <strong>citronskrallen<\/strong>.<br \/>\nKoldpresning anses for en fornuftig m\u00e5de at f\u00e5 disse olier fra citrusfrugter.<\/p>\n<p>Vores produkt har hverken spor af varmepresning eller kemikalier.<br \/>\n<u>Det er vigtigt<\/u> at understrege at olien ikke raffineres yderligere, s\u00e5 den ikke mister sine oprindelige egenskaber.<\/p>\n<p>Oliens hovedingredienserne er <strong>limonen<\/strong>, <strong>a-pinen<\/strong>, <strong>linalool<\/strong>, <strong>b-pinen<\/strong>, <strong>citral<\/strong> og <strong>geraniol<\/strong>.<br \/>\nDen har forfriskende, rensende og desinficerende egenskaber.<\/p>\n<p><strong>Den \u00e6terisk olie<\/strong> er ogs\u00e5 kendt under navn &#8221;flydende solskin&#8221; og har den st\u00e6rkeste antimikrobielle efftekter af alle \u00e6teriske olier.<\/p>\n<p>En fordel med denne olie er at den har en citrus forfriskende duft, og kan f\u00f8les overalt. Yderligere stimulerer den bedre hukommelse og forbedrer kognitive evner.<\/p>\n<p><strong>BRUG:<\/strong> F\u00f8j et par dr\u00e5ber i din diffuser og nyd effekten og duften. Tils\u00e6t et par dr\u00e5ber i en b\u00e6reolie, og mass\u00e9r den ind i din hud for at \u00f8ge den nydelse enda mere. <u>OBS!<\/u> \u2013 kan ogs\u00e5 bruges i dit arbejdspladsmilj\u00f8, da den \u00f8ger fokus og effektivitet.<\/p>\n<p><strong>FORSIGTIG:<\/strong> Fortynd altid i en b\u00e6reolie inden p\u00e5f\u00f8ring, Undg\u00e5 sensitive omr\u00e5der. Undg\u00e5 \u00f8jenkontakt og slimhinder.<br \/>\nM\u00e5 ikke anvendes, hvis du er gravid eller lider af for h\u00f8jt blodtryk eller epilepsi. Opbevares utilg\u00e6ngeligt for b\u00f8rn.<\/p>\n<p>Oprindelig fra Indien, citrusplanter blevet brugt i ayurvedisk medicin i flere tusinde \u00e5r. Desuden er egypterne og romerne brugt den slags medicin for infekti\u00f8se sy\u200bgdomme. De f\u00f8rste til at bringe den til Europa i middelalderen var korsfarerne.<\/p>\n<p>Da frugten indeholder vitaminer A, B og C, blevet den ogs\u00e5 givet til s\u00f8folk, i udgangspunk for at forhindre sk\u00f8rbug, \u00f8jenproblemer og anden vitaminmangel. Christoffer Columbus var den f\u00f8rste som introducerede frugten til det amerikanske kontinentet. Citron blev hovedsageligt brugt som et ornament og medicin.<br \/>\nEfter et stykke tid, begyndte den ogs\u00e5 at blive brugt til madlavning.<\/p>\n<div id=\"gtx-trans\" style=\"position: absolute; left: 66px; top: 128px;\">\n<div class=\"gtx-trans-icon\"><\/div>\n<\/div>\n<div id=\"gtx-trans\" style=\"position: absolute; left: 501px; top: 886px;\">\n<div class=\"gtx-trans-icon\"><\/div>\n<\/div>\n<p><div style=\"width: 640px;\" class=\"wp-video\"><video class=\"wp-video-shortcode\" id=\"video-71897-3\" width=\"640\" height=\"360\" preload=\"metadata\" controls=\"controls\"><source type=\"video\/mp4\" src=\"https:\/\/legacy.wetality.com\/wp-content\/uploads\/2019\/12\/Ess_Oils_Final.mp4?_=3\" \/><a href=\"https:\/\/legacy.wetality.com\/wp-content\/uploads\/2019\/12\/Ess_Oils_Final.mp4\">https:\/\/legacy.wetality.com\/wp-content\/uploads\/2019\/12\/Ess_Oils_Final.mp4<\/a><\/video><\/div><\/p>","protected":false},"excerpt":{"rendered":"<p><strong>100 %<\/strong> naturlig og ren. Certificeret \u00f8kologisk.<br \/>\nProduceret ved mekanisk koldpresning af <strong>citronskrallen<\/strong>.<br \/>\nKoldpresning anses for en fornuftig m\u00e5de at f\u00e5 disse olier fra citrusfrugter.<\/p>\n<p><a href=\"https:\/\/www.wetality.com\/product-claims-health-disclaimer\/\">Produktkrav og sundhedsansvarsforklaring<\/a><\/p>\n","protected":false},"featured_media":69822,"comment_status":"open","ping_status":"closed","template":"","meta":[],"product_brand":[],"product_cat":[15,41,2297],"product_tag":[],"class_list":{"0":"post-71897","1":"product","2":"type-product","3":"status-publish","4":"has-post-thumbnail","6":"product_cat-autoship-products","7":"product_cat-autoship-customers","8":"product_cat-subscription-product","9":"product_shipping_class-autoship-vat","11":"first","12":"instock","13":"taxable","14":"shipping-taxable","15":"purchasable","16":"product-type-subscription"},"_links":{"self":[{"href":"https:\/\/legacy.wetality.com\/da\/wp-json\/wp\/v2\/product\/71897","targetHints":{"allow":["GET"]}}],"collection":[{"href":"https:\/\/legacy.wetality.com\/da\/wp-json\/wp\/v2\/product"}],"about":[{"href":"https:\/\/legacy.wetality.com\/da\/wp-json\/wp\/v2\/types\/product"}],"replies":[{"embeddable":true,"href":"https:\/\/legacy.wetality.com\/da\/wp-json\/wp\/v2\/comments?post=71897"}],"wp:featuredmedia":[{"embeddable":true,"href":"https:\/\/legacy.wetality.com\/da\/wp-json\/wp\/v2\/media\/69822"}],"wp:attachment":[{"href":"https:\/\/legacy.wetality.com\/da\/wp-json\/wp\/v2\/media?parent=71897"}],"wp:term":[{"taxonomy":"product_brand","embeddable":true,"href":"https:\/\/legacy.wetality.com\/da\/wp-json\/wp\/v2\/product_brand?post=71897"},{"taxonomy":"product_cat","embeddable":true,"href":"https:\/\/legacy.wetality.com\/da\/wp-json\/wp\/v2\/product_cat?post=71897"},{"taxonomy":"product_tag","embeddable":true,"href":"https:\/\/legacy.wetality.com\/da\/wp-json\/wp\/v2\/product_tag?post=71897"}],"curies":[{"name":"wp","href":"https:\/\/api.w.org\/{rel}","templated":true}]}}