{"id":71764,"date":"2020-12-01T12:51:05","date_gmt":"2020-12-01T12:51:05","guid":{"rendered":"https:\/\/legacy.wetality.com\/?post_type=product&#038;p=71764"},"modified":"2026-04-08T09:45:23","modified_gmt":"2026-04-08T09:45:23","slug":"dr-kent-sports-gel-smartship","status":"publish","type":"product","link":"https:\/\/legacy.wetality.com\/da\/product\/dr-kent-sports-gel-smartship\/","title":{"rendered":"DR. Kent Sports Gel 100 ml"},"content":{"rendered":"<p>Ny potent udgave <strong>med 1100 mg CBD! &#8211; dobbelt s\u00e5 meget i forhold til tidligere<\/strong>.<br \/>\nForbedret formel, som lader gelen tr\u00e6nge bedre ind i huden.<\/p>\n<p><strong>DR. Kent CBD Sports Gel<\/strong>\u00a0bruges til pleje og massage af led og muskel\u00f8mhed, is\u00e6r efter intens sport eller fysisk aktivitet. Muskel\u00f8mheden efter en fysisk tr\u00e6ning kommer fra sm\u00e5 muskelskader, som er relateret til inflammationsprocesser. Den helt naturlige sammens\u00e6tning leverer m\u00e5lrettet lindring og underst\u00f8tter kroppens naturlige systemer.<\/p>\n<p>Gelen indeholder hampeekstrakt, mentol, cayennepeber ekstrakt, kryddernellike \u00e6terisk olie og eukalyptus \u00e6terisk olie. Produktet giver en fornemmelse af afk\u00f8ling og efterf\u00f8lgende opvarmning, p\u00e5 grund af virkningen af \u200b\u200bn\u00f8je udvalgte ingredienser.<\/p>\n<p><strong>DR. Kent CBD Sports Gel<\/strong> kan k\u00f8bes i en 100-ml aluminiumstube.<\/p>\n<p>Hampe biomassen h\u00e5ndteres I overensstemmelse med <strong>GACP<\/strong> og produktionen af de f\u00e6rdige produkter er <strong>GMP-certificeret<\/strong>.<\/p>\n<p>Indeholder naturlige ingredienser. Der er ikke tilsat kunstige farver, aromaer eller konserveringsmidler.<\/p>\n<p><a class=\"w-btn product-test-btn\" style=\"margin-top: 20px;\" href=\"https:\/\/legacy.wetality.com\/wp-content\/uploads\/2024\/12\/Dr.Kent_SportGel_KCS01124271A_12082026.pdf\" target=\"_blank\" rel=\"noopener noreferrer\">Batch No: KCS01124271A_12082026<\/a> <a class=\"w-btn product-test-btn\" style=\"margin-top: 20px;\" href=\"https:\/\/legacy.wetality.com\/wp-content\/uploads\/2023\/12\/Dr.Kent_SportGel_KCS01123332A_14112025.pdf\" target=\"_blank\" rel=\"noopener noreferrer\">Batch No: KCS01123332A_14112025<\/a><\/p>","protected":false},"excerpt":{"rendered":"<p>Ny potent udgave <strong>med 1100 mg CBD! &#8211; dobbelt s\u00e5 meget i forhold til tidligere<\/strong>. Forbedret formel, som lader gelen tr\u00e6nge bedre ind i huden.<\/p>\n<p>Indeholder ekstrakt fra CO2-udvundet hampebiomasse.<\/p>\n<ul>\n<li>Laboratorie testet<\/li>\n<li>Mindre end 0.2% THC<\/li>\n<li>Fuldt spektrum af cannabinoider<\/li>\n<\/ul>\n<p><strong>Ingredienser:<\/strong><br \/>\n<em>vand, isopropylalkohol, cannabis sativa extrakt, mentol, carbomer, triethanolamin, eucalyptusbladolie, kryddernellike blomsterolie, cayennepeberfrugt ekstrakt, eugenol, d-limonen, isoeugenol\u2028<\/em><\/p>\n","protected":false},"featured_media":110252,"comment_status":"open","ping_status":"closed","template":"","meta":[],"product_brand":[],"product_cat":[15,41,2297],"product_tag":[2261],"class_list":{"0":"post-71764","1":"product","2":"type-product","3":"status-publish","4":"has-post-thumbnail","6":"product_cat-autoship-products","7":"product_cat-autoship-customers","8":"product_cat-subscription-product","9":"product_tag-cbd-sports-gel","10":"product_shipping_class-autoship-vat","12":"first","13":"instock","14":"taxable","15":"shipping-taxable","16":"purchasable","17":"product-type-subscription"},"_links":{"self":[{"href":"https:\/\/legacy.wetality.com\/da\/wp-json\/wp\/v2\/product\/71764","targetHints":{"allow":["GET"]}}],"collection":[{"href":"https:\/\/legacy.wetality.com\/da\/wp-json\/wp\/v2\/product"}],"about":[{"href":"https:\/\/legacy.wetality.com\/da\/wp-json\/wp\/v2\/types\/product"}],"replies":[{"embeddable":true,"href":"https:\/\/legacy.wetality.com\/da\/wp-json\/wp\/v2\/comments?post=71764"}],"wp:featuredmedia":[{"embeddable":true,"href":"https:\/\/legacy.wetality.com\/da\/wp-json\/wp\/v2\/media\/110252"}],"wp:attachment":[{"href":"https:\/\/legacy.wetality.com\/da\/wp-json\/wp\/v2\/media?parent=71764"}],"wp:term":[{"taxonomy":"product_brand","embeddable":true,"href":"https:\/\/legacy.wetality.com\/da\/wp-json\/wp\/v2\/product_brand?post=71764"},{"taxonomy":"product_cat","embeddable":true,"href":"https:\/\/legacy.wetality.com\/da\/wp-json\/wp\/v2\/product_cat?post=71764"},{"taxonomy":"product_tag","embeddable":true,"href":"https:\/\/legacy.wetality.com\/da\/wp-json\/wp\/v2\/product_tag?post=71764"}],"curies":[{"name":"wp","href":"https:\/\/api.w.org\/{rel}","templated":true}]}}