{"id":70581,"date":"2020-11-19T11:13:41","date_gmt":"2020-11-19T11:13:41","guid":{"rendered":"https:\/\/legacy.wetality.com\/?post_type=product&#038;p=70581"},"modified":"2026-02-25T19:00:12","modified_gmt":"2026-02-25T19:00:12","slug":"ergonomic-pillow","status":"publish","type":"product","link":"https:\/\/legacy.wetality.com\/da\/product\/ergonomic-pillow\/","title":{"rendered":"Ergonomic Pillow"},"content":{"rendered":"<p>&nbsp;<\/p>\n<p>Denne fantastiske ergonomiske nakkepude giver med sin udformning en optimal og anatomisk korrekt st\u00f8tte til nakken.<br \/>\nEn langvarig og forkert belastning kan give sp\u00e6ndinger, l\u00e5sninger og hovedpine.<\/p>\n<p>Denne ergonomiske nakkepude er udviklet og testet i t\u00e6t samarbejde med kiropraktorer som anbefaler, at man placerer det smalle stykke under nakken, s\u00e5 baghovedet hviler p\u00e5 det brede stykke af puden, hvilket giver den optimale st\u00f8tte og aflastning til nakken.<\/p>\n<p>Mange i Wetality har allerede testet nakkepuden med meget positive resultater.<\/p>\n<p>Nakkepuden er produceret i Danmark.<\/p>\n<table id=\"ergonomic-pillow\">\n<tbody>\n<tr>\n<td>Fyldtype<\/td>\n<td>Fiberpude<\/td>\n<\/tr>\n<tr>\n<td>Pudetype<\/td>\n<td>Nakkepude<\/td>\n<\/tr>\n<tr>\n<td>St\u00f8rrelse<\/td>\n<td>Bredde: 50 cm, L\u00e6ngde: 60, H\u00f8jde: 15 cm<\/td>\n<\/tr>\n<tr>\n<td>Fyldv\u00e6gt<\/td>\n<td>2\u00d7375 g<\/td>\n<\/tr>\n<tr>\n<td>Fyld<\/td>\n<td>100% silikoniserede spiralformede HCS fibre<\/td>\n<\/tr>\n<tr>\n<td>Totalv\u00e6gt<\/td>\n<td>860 g \/ 960 g inkl. taske<\/td>\n<\/tr>\n<tr>\n<td>Bolster<\/td>\n<td>100% bomuld<\/td>\n<\/tr>\n<tr>\n<td>Konstruktion<\/td>\n<td>2 kammer<\/td>\n<\/tr>\n<tr>\n<td>Farve<\/td>\n<td>Hvid<\/td>\n<\/tr>\n<tr>\n<td>Kant<\/td>\n<td>Farve: Hvid, Materiale: 100% polyestersatin, Facon: Snorekant<\/td>\n<\/tr>\n<tr>\n<td>Vask<\/td>\n<td>60\u00b0C sk\u00e5ne<\/td>\n<\/tr>\n<tr>\n<td>Blegning<\/td>\n<td>M\u00e5 ikke bleges<\/td>\n<\/tr>\n<tr>\n<td>T\u00f8rretumbling<\/td>\n<td>* T\u00f8rretumbling muligt ved lav temperatur (max. 60\u00baC)<\/td>\n<\/tr>\n<tr>\n<td>Strygning<\/td>\n<td>M\u00e5 ikke stryges<\/td>\n<\/tr>\n<tr>\n<td>Rens<\/td>\n<td>Professionel kemisk rens i tetrachlorethen og alle opl\u00f8sningsmidler, der er anf\u00f8rt for symbolet F \u2013 mild proces<\/td>\n<\/tr>\n<tr>\n<td>Instruktion<\/td>\n<td>Lynl\u00e5se b\u00f8r lukkes f\u00f8r vask<\/td>\n<\/tr>\n<tr>\n<td>Vedligehold<\/td>\n<td>Vaskes og t\u00f8rres i maskiner, der kan tage mindst 7 kg. B\u00f8r luftes og b\u00f8rstes, m\u00e5 ikke bankes eller st\u00f8vsuges<\/td>\n<\/tr>\n<tr>\n<td>Milj\u00f8- og sundhedsm\u00e6rkninger<\/td>\n<td><u>OEKO-TEX 100 + Hohenstein Miteproof<\/u><\/td>\n<\/tr>\n<tr>\n<td>Egenskaber<\/td>\n<td>Justerbar h\u00f8jde,<br \/>\n<u>Allergivenlig<\/u><br \/>\n<u>Mide-t\u00e6t stof<\/u><\/td>\n<\/tr>\n<tr>\n<td>H\u00f8jde<\/td>\n<td>Lav \u2013 Justerbar h\u00f8jde<\/td>\n<\/tr>\n<tr>\n<td>Allergivenlig<\/td>\n<td>Ja<\/td>\n<\/tr>\n<\/tbody>\n<\/table>\n<p>&nbsp;<\/p>\n<p><img loading=\"lazy\" decoding=\"async\" class=\"aligncenter wp-image-70582 \" src=\"https:\/\/legacy.wetality.com\/wp-content\/uploads\/2020\/11\/Wetality_Pillow_SleepingPositions-874x1024.png\" alt=\"\" width=\"538\" height=\"630\" srcset=\"https:\/\/legacy.wetality.com\/wp-content\/uploads\/2020\/11\/Wetality_Pillow_SleepingPositions-874x1024.png 874w, https:\/\/legacy.wetality.com\/wp-content\/uploads\/2020\/11\/Wetality_Pillow_SleepingPositions-256x300.png 256w, https:\/\/legacy.wetality.com\/wp-content\/uploads\/2020\/11\/Wetality_Pillow_SleepingPositions-768x900.png 768w, https:\/\/legacy.wetality.com\/wp-content\/uploads\/2020\/11\/Wetality_Pillow_SleepingPositions-416x487.png 416w, https:\/\/legacy.wetality.com\/wp-content\/uploads\/2020\/11\/Wetality_Pillow_SleepingPositions.png 1051w\" sizes=\"auto, (max-width: 538px) 100vw, 538px\" \/><\/p>\n<p><\/p>","protected":false},"excerpt":{"rendered":"<p>ERGONOMISK NAKKEPUDE UDVIKLET I T\u00c6T SAMARBEJDE MED KIROPRAKTORER.<\/p>\n","protected":false},"featured_media":81565,"comment_status":"open","ping_status":"closed","template":"","meta":[],"product_brand":[],"product_cat":[70],"product_tag":[],"class_list":{"0":"post-70581","1":"product","2":"type-product","3":"status-publish","4":"has-post-thumbnail","6":"product_cat-danish-products","7":"product_shipping_class-shipping-vat","9":"first","10":"instock","11":"taxable","12":"shipping-taxable","13":"purchasable","14":"product-type-simple"},"_links":{"self":[{"href":"https:\/\/legacy.wetality.com\/da\/wp-json\/wp\/v2\/product\/70581","targetHints":{"allow":["GET"]}}],"collection":[{"href":"https:\/\/legacy.wetality.com\/da\/wp-json\/wp\/v2\/product"}],"about":[{"href":"https:\/\/legacy.wetality.com\/da\/wp-json\/wp\/v2\/types\/product"}],"replies":[{"embeddable":true,"href":"https:\/\/legacy.wetality.com\/da\/wp-json\/wp\/v2\/comments?post=70581"}],"wp:featuredmedia":[{"embeddable":true,"href":"https:\/\/legacy.wetality.com\/da\/wp-json\/wp\/v2\/media\/81565"}],"wp:attachment":[{"href":"https:\/\/legacy.wetality.com\/da\/wp-json\/wp\/v2\/media?parent=70581"}],"wp:term":[{"taxonomy":"product_brand","embeddable":true,"href":"https:\/\/legacy.wetality.com\/da\/wp-json\/wp\/v2\/product_brand?post=70581"},{"taxonomy":"product_cat","embeddable":true,"href":"https:\/\/legacy.wetality.com\/da\/wp-json\/wp\/v2\/product_cat?post=70581"},{"taxonomy":"product_tag","embeddable":true,"href":"https:\/\/legacy.wetality.com\/da\/wp-json\/wp\/v2\/product_tag?post=70581"}],"curies":[{"name":"wp","href":"https:\/\/api.w.org\/{rel}","templated":true}]}}