{"id":63134,"date":"2020-06-19T08:17:11","date_gmt":"2020-06-19T08:17:11","guid":{"rendered":"https:\/\/legacy.wetality.com\/?post_type=product&#038;p=63134"},"modified":"2026-02-23T13:32:00","modified_gmt":"2026-02-23T13:32:00","slug":"dr-kent-cbd-glucosamine-cream","status":"publish","type":"product","link":"https:\/\/legacy.wetality.com\/da\/product\/dr-kent-cbd-glucosamine-cream\/","title":{"rendered":"DR. Kent Glucosamine Cream"},"content":{"rendered":"<p>Ny potent udgave <strong>med 1100 mg CBD! &#8211; dobbelt s\u00e5 meget i forhold til tidligere<\/strong>.<br \/>\nForbedret formel, som lader gelen tr\u00e6nge bedre ind i huden.<\/p>\n<p><strong>DR. Kent CBD Glucosamin Crem<\/strong>e\u00a0bruges til pleje og massage af led, nakke og ryg.<\/p>\n<p>Den beroliger huden og stimulerer den perifere cirkulation, og giver varme, der lindrer den ubehagelige f\u00f8lelse. Den br\u00e6ndende fornemmelse af smertefulde led kan reduceres ved at forstyrre de inflammatoriske biokemiske veje og det <em><strong>endocannabinoide system<\/strong><\/em> i en organisme, som aktiveres ved p\u00e5f\u00f8ring af produktet direkte p\u00e5 det sted, hvor smerten er.<\/p>\n<p>Den helt naturlige sammens\u00e6tning leverer m\u00e5lrettet lindring og underst\u00f8tter kroppens naturlige systemer.<\/p>\n<p>Cremen indeholder <em>glucosaminsulfat, MSM (organisk svovl), hampeekstrakt, natrium chondroitinsulfat, mentol, kamfer, methylsalicylat, kryddernellike \u00e6terisk olie og cayennepeber ekstrakt<\/em>. Produktet giver en \u00f8jeblikkelig, behagelig fornemmelse af afk\u00f8ling og efterf\u00f8lgende opvarmning, der kan vare i op til flere timer.<\/p>\n<p><strong>DR. Kent CBD Glucosamin Creme<\/strong> kan k\u00f8bes i en 100-ml aluminiumstube.<\/p>\n<p>Hampe biomassen h\u00e5ndteres I overensstemmelse med <strong>GACP<\/strong> og produktionen af de f\u00e6rdige produkter er <strong>GMP-certificeret<\/strong>.<\/p>\n<p>Indeholder naturlige ingredienser. Der er ikke tilsat kunstige farver, aromaer eller konserveringsmidler.<\/p>\n<p><a class=\"w-btn product-test-btn\" style=\"margin-top: 20px;\" href=\"https:\/\/legacy.wetality.com\/wp-content\/uploads\/2024\/12\/Dr.Kent_Glucosamine_KCG01124212A_160726.pdf\" target=\"_blank\" rel=\"noopener noreferrer\">Batch No: KCG01124212A_160726<\/a> <a class=\"w-btn product-test-btn\" style=\"margin-top: 20px;\" href=\"https:\/\/legacy.wetality.com\/wp-content\/uploads\/2024\/12\/Dr.Kent_Glucosamine_KCG01124114B_170426.pdf\" target=\"_blank\" rel=\"noopener noreferrer\">Batch No: KCG01124114B_170426<\/a><\/p>","protected":false},"excerpt":{"rendered":"<p>Ny potent udgave <strong>med 1100 mg CBD! &#8211; dobbelt s\u00e5 meget i forhold til tidligere<\/strong>. Forbedret formel, som lader gelen tr\u00e6nge bedre ind i huden.<\/p>\n<p>Indeholder ekstrakt fra CO2-udvundet hampebiomasse.<\/p>\n<div class=\"evc-il-item \">\n<ul>\n<li class=\"evc-ili-inner\">Laboratorie testet<\/li>\n<li class=\"evc-ili-inner\">Mindre end 0.2% THC<\/li>\n<li class=\"evc-ili-inner\">Fuldt spektrum af cannabinoider<\/li>\n<\/ul>\n<p><strong>Ingredienser:<br \/>\n<\/strong><em>vand, stearinsyre, kokos-caprylat\/caprat, avocado olie, dimethylsulfon, cannabis sativa ekstrakt, capryl\/caprin triglycerid, cetearyl alkohol, glycerylstearat, squalane, mentol, kamfer, methylsalicylat, natrium chondroitinsulfat, glucosaminesulfat, sorbitan caprylat, propanediol, benzoesyre, kryddernellike blomsterolie, natriumcetearylsulfat, cayennepeberfrugt ekstrakt, rosmarin ekstrakt, rapskimolie, eugenol<\/em><\/p>\n<\/div>\n","protected":false},"featured_media":111323,"comment_status":"open","ping_status":"closed","template":"","meta":[],"product_brand":[],"product_cat":[70],"product_tag":[2259],"class_list":{"0":"post-63134","1":"product","2":"type-product","3":"status-publish","4":"has-post-thumbnail","6":"product_cat-danish-products","7":"product_tag-cbd-glucosamine-cream","8":"product_shipping_class-shipping-vat","10":"first","11":"instock","12":"taxable","13":"shipping-taxable","14":"purchasable","15":"product-type-simple"},"_links":{"self":[{"href":"https:\/\/legacy.wetality.com\/da\/wp-json\/wp\/v2\/product\/63134","targetHints":{"allow":["GET"]}}],"collection":[{"href":"https:\/\/legacy.wetality.com\/da\/wp-json\/wp\/v2\/product"}],"about":[{"href":"https:\/\/legacy.wetality.com\/da\/wp-json\/wp\/v2\/types\/product"}],"replies":[{"embeddable":true,"href":"https:\/\/legacy.wetality.com\/da\/wp-json\/wp\/v2\/comments?post=63134"}],"wp:featuredmedia":[{"embeddable":true,"href":"https:\/\/legacy.wetality.com\/da\/wp-json\/wp\/v2\/media\/111323"}],"wp:attachment":[{"href":"https:\/\/legacy.wetality.com\/da\/wp-json\/wp\/v2\/media?parent=63134"}],"wp:term":[{"taxonomy":"product_brand","embeddable":true,"href":"https:\/\/legacy.wetality.com\/da\/wp-json\/wp\/v2\/product_brand?post=63134"},{"taxonomy":"product_cat","embeddable":true,"href":"https:\/\/legacy.wetality.com\/da\/wp-json\/wp\/v2\/product_cat?post=63134"},{"taxonomy":"product_tag","embeddable":true,"href":"https:\/\/legacy.wetality.com\/da\/wp-json\/wp\/v2\/product_tag?post=63134"}],"curies":[{"name":"wp","href":"https:\/\/api.w.org\/{rel}","templated":true}]}}