{"id":63132,"date":"2020-06-19T08:06:14","date_gmt":"2020-06-19T08:06:14","guid":{"rendered":"https:\/\/legacy.wetality.com\/?post_type=product&#038;p=63132"},"modified":"2026-02-26T07:55:35","modified_gmt":"2026-02-26T07:55:35","slug":"dr-kent-cbd-cream-for-tired-legs","status":"publish","type":"product","link":"https:\/\/legacy.wetality.com\/da\/product\/dr-kent-cbd-cream-for-tired-legs\/","title":{"rendered":"DR. Kent Cream For Tired Legs"},"content":{"rendered":"<p>Ny potent udgave <strong>med 1100 mg CBD! &#8211; dobbelt s\u00e5 meget i forhold til tidligere<\/strong>.<br \/>\nForbedret formel, som lader gelen tr\u00e6nge bedre ind i huden.<\/p>\n<p><strong>DR. Kent CBD Cream For Tired Legs<\/strong> bruges til pleje og massage af tunge og tr\u00e6tte ben, is\u00e6r ved \u00e5reknuder og andre symptomer relateret til kronisk ven\u00f8s insufficiens. Den ubehagelige f\u00f8lelse af tr\u00e6tte ben h\u00e6nger sammen med tilstanden ven\u00f8s insufficiens, som er en meget almindelig kronisk tilstand blandt den voksne befolkning.<\/p>\n<p>Den helt naturlige sammens\u00e6tning leverer m\u00e5lrettet lindring og underst\u00f8tter kroppens naturlige systemer. Cremen indeholder hestekastanjeekstrakt, hampeekstrakt, musetornrodsekstrakt og organisk svovl (MSM). Produktet beroliger huden, stimulerer den perifere cirkulation og giver varme der lindrer og afslapper, og efterlader dine ben friske og lette.<\/p>\n<p><strong>DR. Kent CBD Cream For Tired Legs<\/strong> kan k\u00f8bes I en 100-ml aluminiumstube.<\/p>\n<p>Hampe biomassen h\u00e5ndteres I overensstemmelse med <strong>GACP<\/strong> og produktionen af de f\u00e6rdige produkter er <strong>GMP-certificeret<\/strong>.<\/p>\n<p>Indeholder naturlige ingredienser. Der er ikke tilsat kunstige farver, aromaer eller konserveringsmidler.<\/p>\n<p><a class=\"w-btn product-test-btn\" style=\"margin-top: 20px;\" href=\"https:\/\/legacy.wetality.com\/wp-content\/uploads\/2024\/12\/Dr.Kent_TiredLegs_KCT01124200A_16042026.pdf\" target=\"_blank\" rel=\"noopener noreferrer\">Batch No: KCT01124200A_16042026<\/a> <a class=\"w-btn product-test-btn\" style=\"margin-top: 20px;\" href=\"https:\/\/legacy.wetality.com\/wp-content\/uploads\/2023\/12\/Dr.Kent_TiredLegs_KCT01123326A_17112025.pdf\" target=\"_blank\" rel=\"noopener noreferrer\">Batch No: KCT01123326A_17112025<\/a><\/p>","protected":false},"excerpt":{"rendered":"<p>Ny potent udgave <strong>med 1100 mg CBD! &#8211; dobbelt s\u00e5 meget i forhold til tidligere<\/strong>. Forbedret formel, som lader gelen tr\u00e6nge bedre ind i huden.<\/p>\n<p>Indeholder ekstrakt fra CO2-udvundet hampebiomasse.<\/p>\n<div class=\"evc-il-item \">\n<ul>\n<li class=\"evc-ili-inner\">Laboratorie testet<\/li>\n<li class=\"evc-ili-inner\">Mindre end 0.2% THC<\/li>\n<li class=\"evc-ili-inner\">Fuldt spektrum af cannabinoider<\/li>\n<\/ul>\n<p><strong>Ingredienser:\u00a0\u00a0<\/strong><br \/>\n<em>vand, avocado olie, stearinsyre, kokos-caprylat\/caprat, caprylic\/capric triglycerid, cannabis sativa extract, dimethylsulfon, cetearyl alkohol, glycerylstearat, ekstrakt af hestekastaniefr\u00f8, musetornrodsekstrakt, sorbitan caprylat, propanediol, benzoesyre, natriumcetearylsulfat, rosmarin ekstrakt, rapskimolie.<\/em><\/p>\n<\/div>\n","protected":false},"featured_media":112080,"comment_status":"open","ping_status":"closed","template":"","meta":[],"product_brand":[],"product_cat":[70],"product_tag":[2260],"class_list":{"0":"post-63132","1":"product","2":"type-product","3":"status-publish","4":"has-post-thumbnail","6":"product_cat-danish-products","7":"product_tag-cbd-cream","8":"product_shipping_class-shipping-vat","10":"first","11":"instock","12":"taxable","13":"shipping-taxable","14":"purchasable","15":"product-type-simple"},"_links":{"self":[{"href":"https:\/\/legacy.wetality.com\/da\/wp-json\/wp\/v2\/product\/63132","targetHints":{"allow":["GET"]}}],"collection":[{"href":"https:\/\/legacy.wetality.com\/da\/wp-json\/wp\/v2\/product"}],"about":[{"href":"https:\/\/legacy.wetality.com\/da\/wp-json\/wp\/v2\/types\/product"}],"replies":[{"embeddable":true,"href":"https:\/\/legacy.wetality.com\/da\/wp-json\/wp\/v2\/comments?post=63132"}],"wp:featuredmedia":[{"embeddable":true,"href":"https:\/\/legacy.wetality.com\/da\/wp-json\/wp\/v2\/media\/112080"}],"wp:attachment":[{"href":"https:\/\/legacy.wetality.com\/da\/wp-json\/wp\/v2\/media?parent=63132"}],"wp:term":[{"taxonomy":"product_brand","embeddable":true,"href":"https:\/\/legacy.wetality.com\/da\/wp-json\/wp\/v2\/product_brand?post=63132"},{"taxonomy":"product_cat","embeddable":true,"href":"https:\/\/legacy.wetality.com\/da\/wp-json\/wp\/v2\/product_cat?post=63132"},{"taxonomy":"product_tag","embeddable":true,"href":"https:\/\/legacy.wetality.com\/da\/wp-json\/wp\/v2\/product_tag?post=63132"}],"curies":[{"name":"wp","href":"https:\/\/api.w.org\/{rel}","templated":true}]}}