{"id":62186,"date":"2020-06-03T11:00:48","date_gmt":"2020-06-03T11:00:48","guid":{"rendered":"https:\/\/legacy.wetality.com\/?post_type=product&#038;p=62186"},"modified":"2026-04-08T09:50:18","modified_gmt":"2026-04-08T09:50:18","slug":"toothpaste-asc","status":"publish","type":"product","link":"https:\/\/legacy.wetality.com\/da\/product\/toothpaste-asc\/","title":{"rendered":"Toothpaste"},"content":{"rendered":"<p>&nbsp;<\/p>\n<p><strong>Denne tandpasta indeholder en komplet fluorbeskyttelse imod tandcaries.<\/strong><\/p>\n<p>Urterne i tandpastaen opretholder et sundt og st\u00e6rkt tandk\u00f8d, samt en frisk \u00e5nde.<\/p>\n<p>Dette produkt er tilpasset til sensitiv og t\u00f8r oral slimhinde.<\/p>\n<p><img loading=\"lazy\" decoding=\"async\" class=\"size-medium wp-image-114490 aligncenter\" src=\"https:\/\/legacy.wetality.com\/wp-content\/uploads\/2024\/02\/CosmoHemps-toothpaste-75ml-single-page-img-264x300.png\" alt=\"\" width=\"264\" height=\"300\" srcset=\"https:\/\/legacy.wetality.com\/wp-content\/uploads\/2024\/02\/CosmoHemps-toothpaste-75ml-single-page-img-264x300.png 264w, https:\/\/legacy.wetality.com\/wp-content\/uploads\/2024\/02\/CosmoHemps-toothpaste-75ml-single-page-img-901x1024.png 901w, https:\/\/legacy.wetality.com\/wp-content\/uploads\/2024\/02\/CosmoHemps-toothpaste-75ml-single-page-img-768x872.png 768w, https:\/\/legacy.wetality.com\/wp-content\/uploads\/2024\/02\/CosmoHemps-toothpaste-75ml-single-page-img-416x473.png 416w, https:\/\/legacy.wetality.com\/wp-content\/uploads\/2024\/02\/CosmoHemps-toothpaste-75ml-single-page-img.png 1000w\" sizes=\"auto, (max-width: 264px) 100vw, 264px\" \/><\/p>\n<p>Hj\u00e6lper med at bek\u00e6mpe plak og lindre inflammation.<\/p>\n<p>Denne tandpasta indeholder naturlige ingredienser.<\/p>\n<p>Ingen kunstige farvestoffer, aromaer eller konserveringsmidler.<\/p>\n<p>\u2022 Bl\u00f8dg\u00f8rende<br \/>\n\u2022 Urtesmag<br \/>\n\u2022 Ingen SLS, parabener, coloranter eller mineralske olier.<\/p>\n<p>Hampolien er lavet med overholdelse af GACP<br \/>\nog den endelige produktion er <strong>GMP-certificeret<\/strong>.<\/p>\n<p><strong>Benyttelse:<\/strong> B\u00f8rst dine t\u00e6nder to gange om dagen med tandpastaen i 2 minutter.<br \/>\nSkyl efterf\u00f8lgende med vand.<\/p>\n<p><strong>OBS:<\/strong> Indeholder Sodium Fluoride, 1450 ppmF.<br \/>\nAnbefales ikke til b\u00f8rn under 12 \u00e5r.<\/p>\n<p><strong>Ingredienser:<\/strong> <i>Aqua, Xylitol, Hydrated Silica, Sorbitol, Glycerine, Betaine, Poloxamer 407, Aroma, Titanium Dioxide, Polysorbate 20, Hydroxypropyl Methylcellulose, Cellulose Gum, Olea Europaea Leaf Extract, Cannabis Sativa L. Extract, Allantoin, Sodium Fluoride, Disodium Edta, Sodium Saccharin, Sodium Benzoate, Ci 75815.<\/i><\/p>\n<p><a class=\"w-btn product-test-btn\" style=\"margin-top: 20px;\" href=\"https:\/\/legacy.wetality.com\/wp-content\/uploads\/2026\/01\/Toothpaste_2025-16267.pdf\" target=\"_blank\" rel=\"noopener noreferrer\">2025-16267<\/a> <a class=\"w-btn product-test-btn\" style=\"margin-top: 20px;\" href=\"https:\/\/legacy.wetality.com\/wp-content\/uploads\/2024\/12\/Toothpaste_Labtest_Batch_112025.pdf\" target=\"_blank\" rel=\"noopener noreferrer\">Batch No: 112025<\/a><\/p>","protected":false},"excerpt":{"rendered":"<p>\u2022 Med hamp CBD og oliven ekstrakt<br \/>\n\u2022 Indeholder 100 mg. CBD<\/p>\n","protected":false},"featured_media":114489,"comment_status":"open","ping_status":"closed","template":"","meta":[],"product_brand":[],"product_cat":[15,41,2297],"product_tag":[2263],"class_list":{"0":"post-62186","1":"product","2":"type-product","3":"status-publish","4":"has-post-thumbnail","6":"product_cat-autoship-products","7":"product_cat-autoship-customers","8":"product_cat-subscription-product","9":"product_tag-toothpaste-with-cbd","10":"product_shipping_class-autoship-vat","12":"first","13":"instock","14":"taxable","15":"shipping-taxable","16":"purchasable","17":"product-type-subscription"},"_links":{"self":[{"href":"https:\/\/legacy.wetality.com\/da\/wp-json\/wp\/v2\/product\/62186","targetHints":{"allow":["GET"]}}],"collection":[{"href":"https:\/\/legacy.wetality.com\/da\/wp-json\/wp\/v2\/product"}],"about":[{"href":"https:\/\/legacy.wetality.com\/da\/wp-json\/wp\/v2\/types\/product"}],"replies":[{"embeddable":true,"href":"https:\/\/legacy.wetality.com\/da\/wp-json\/wp\/v2\/comments?post=62186"}],"wp:featuredmedia":[{"embeddable":true,"href":"https:\/\/legacy.wetality.com\/da\/wp-json\/wp\/v2\/media\/114489"}],"wp:attachment":[{"href":"https:\/\/legacy.wetality.com\/da\/wp-json\/wp\/v2\/media?parent=62186"}],"wp:term":[{"taxonomy":"product_brand","embeddable":true,"href":"https:\/\/legacy.wetality.com\/da\/wp-json\/wp\/v2\/product_brand?post=62186"},{"taxonomy":"product_cat","embeddable":true,"href":"https:\/\/legacy.wetality.com\/da\/wp-json\/wp\/v2\/product_cat?post=62186"},{"taxonomy":"product_tag","embeddable":true,"href":"https:\/\/legacy.wetality.com\/da\/wp-json\/wp\/v2\/product_tag?post=62186"}],"curies":[{"name":"wp","href":"https:\/\/api.w.org\/{rel}","templated":true}]}}