{"id":62181,"date":"2020-06-03T10:54:54","date_gmt":"2020-06-03T10:54:54","guid":{"rendered":"https:\/\/legacy.wetality.com\/?post_type=product&#038;p=62181"},"modified":"2024-01-10T03:03:36","modified_gmt":"2024-01-10T03:03:36","slug":"mouthwash-asc","status":"publish","type":"product","link":"https:\/\/legacy.wetality.com\/da\/product\/mouthwash-asc\/","title":{"rendered":"Mouthwash"},"content":{"rendered":"<p>&nbsp;<\/p>\n<p><strong>CBD Elixir Mundskyl<\/strong> lindrer problemer i munden, styrker tandk\u00f8det,<br \/>\nbeskytter t\u00e6nderne og fornyer din \u00e5nde igennem de aktive ingredienser.<\/p>\n<p>Den lindrer inflammation og giver en frisk \u00e5nde.<\/p>\n<p><img loading=\"lazy\" decoding=\"async\" class=\"wp-image-58586 size-medium aligncenter\" src=\"https:\/\/legacy.wetality.com\/wp-content\/uploads\/2020\/04\/elixir_mouthwash_komplet-300x300.jpg\" alt=\"mouthwash with cbd\" width=\"300\" height=\"300\" srcset=\"https:\/\/legacy.wetality.com\/wp-content\/uploads\/2020\/04\/elixir_mouthwash_komplet-300x300.jpg 300w, https:\/\/legacy.wetality.com\/wp-content\/uploads\/2020\/04\/elixir_mouthwash_komplet-150x150.jpg 150w, https:\/\/legacy.wetality.com\/wp-content\/uploads\/2020\/04\/elixir_mouthwash_komplet-768x768.jpg 768w, https:\/\/legacy.wetality.com\/wp-content\/uploads\/2020\/04\/elixir_mouthwash_komplet-180x180.jpg 180w, https:\/\/legacy.wetality.com\/wp-content\/uploads\/2020\/04\/elixir_mouthwash_komplet-600x600.jpg 600w, https:\/\/legacy.wetality.com\/wp-content\/uploads\/2020\/04\/elixir_mouthwash_komplet-350x350.jpg 350w, https:\/\/legacy.wetality.com\/wp-content\/uploads\/2020\/04\/elixir_mouthwash_komplet.jpg 800w\" sizes=\"auto, (max-width: 300px) 100vw, 300px\" \/><\/p>\n<p>Dette produkt er tilpasset til sensitiv og t\u00f8r oral slimhinde.<\/p>\n<p><strong>CBD Elixir Mundskyl indeholder udelukkende naturlige ingredienser.<\/strong><\/p>\n<p>Ingen kunstige farvestoffer, aromaer eller konserveringsmidler er tilf\u00f8jet.<\/p>\n<p>\u2022 Ingen alkohol<br \/>\n\u2022 Urtesmag<br \/>\n\u2022 Ingen SLS, parabener, coloranter eller mineralske olier.<\/p>\n<p>Hampolien er lavet med overholdelse af GACP<br \/>\nog den endelige produktion er <strong>GMP-certificeret<\/strong>.<\/p>\n<p><strong>Benyttelse<\/strong>: Fyld l\u00e5get og skyl din mund i 30 sekunder. Spyt efterf\u00f8lgende v\u00e6sken ud.<\/p>\n<p>We anbefaler <strong>CBD Elixir Tandpasta<\/strong> for st\u00f8rre effektivitet.<\/p>\n<p><strong>OBS<\/strong>: Indeholder Sodium Fluoride, 230 ppmF.<br \/>\nAnbefales ikke til b\u00f8rn under 12 \u00e5r.<\/p>\n<p><a class=\"w-btn product-test-btn\" style=\"margin-top: 20px;\" href=\"https:\/\/legacy.wetality.com\/wp-content\/uploads\/2022\/12\/QWetality_Certificate_MouthWash_K00000065_28052024.pdf\" target=\"_blank\" rel=\"noopener noreferrer\">Batch No: K00000065<\/a> <a class=\"w-btn product-test-btn\" style=\"margin-top: 20px;\" href=\"https:\/\/legacy.wetality.com\/wp-content\/uploads\/2020\/05\/QWetality-certificate-Mouthwash.pdf\" target=\"_blank\" rel=\"noopener noreferrer\">Batch No: K00000042<\/a><\/p>","protected":false},"excerpt":{"rendered":"<p>\u2022 Med hamp CBD og oliven ekstrakt<br \/>\n\u2022 Indeholder 25 mg. CBD<\/p>\n<p><strong>Ingredienser:<\/strong><br \/>\nSodium fluoride, Allantoin, Xylitol, <em>Olea europaea<\/em> frugtolie,<br \/>\n<em>Cannabis sativa<\/em> blomster\/blade\/dampekstrakt.<\/p>\n","protected":false},"featured_media":68123,"comment_status":"open","ping_status":"closed","template":"","meta":[],"product_brand":[],"product_cat":[15,41,2297],"product_tag":[2264],"class_list":{"0":"post-62181","1":"product","2":"type-product","3":"status-publish","4":"has-post-thumbnail","6":"product_cat-autoship-products","7":"product_cat-autoship-customers","8":"product_cat-subscription-product","9":"product_tag-mouthwash-with-cbd","10":"product_shipping_class-autoship-vat","12":"first","13":"instock","14":"sold-individually","15":"taxable","16":"shipping-taxable","17":"purchasable","18":"product-type-subscription"},"_links":{"self":[{"href":"https:\/\/legacy.wetality.com\/da\/wp-json\/wp\/v2\/product\/62181","targetHints":{"allow":["GET"]}}],"collection":[{"href":"https:\/\/legacy.wetality.com\/da\/wp-json\/wp\/v2\/product"}],"about":[{"href":"https:\/\/legacy.wetality.com\/da\/wp-json\/wp\/v2\/types\/product"}],"replies":[{"embeddable":true,"href":"https:\/\/legacy.wetality.com\/da\/wp-json\/wp\/v2\/comments?post=62181"}],"wp:featuredmedia":[{"embeddable":true,"href":"https:\/\/legacy.wetality.com\/da\/wp-json\/wp\/v2\/media\/68123"}],"wp:attachment":[{"href":"https:\/\/legacy.wetality.com\/da\/wp-json\/wp\/v2\/media?parent=62181"}],"wp:term":[{"taxonomy":"product_brand","embeddable":true,"href":"https:\/\/legacy.wetality.com\/da\/wp-json\/wp\/v2\/product_brand?post=62181"},{"taxonomy":"product_cat","embeddable":true,"href":"https:\/\/legacy.wetality.com\/da\/wp-json\/wp\/v2\/product_cat?post=62181"},{"taxonomy":"product_tag","embeddable":true,"href":"https:\/\/legacy.wetality.com\/da\/wp-json\/wp\/v2\/product_tag?post=62181"}],"curies":[{"name":"wp","href":"https:\/\/api.w.org\/{rel}","templated":true}]}}