{"id":53274,"date":"2019-12-17T11:05:50","date_gmt":"2019-12-17T11:05:50","guid":{"rendered":"https:\/\/legacy.wetality.com\/?post_type=product&#038;p=53274"},"modified":"2025-04-15T02:37:34","modified_gmt":"2025-04-15T02:37:34","slug":"wetality-organic-orange","status":"publish","type":"product","link":"https:\/\/legacy.wetality.com\/da\/product\/wetality-organic-orange\/","title":{"rendered":"Wetality Organic Orange"},"content":{"rendered":"<p>De vigtigste indholdsstoffer er limonen, monoterpener og kulbrinter, som i studier har vist, at have antioxidante, stimulerende, afgiftende og antiseptiske egenskaber.<\/p>\n<p>Denne essentielle olies evne til at \u00f8ge kroppens naturlige velv\u00e6re er meget popul\u00e6r.<\/p>\n<p><strong>Wetality Organic Orange essentiel olie<\/strong>\u00a0er fri for pesticider, kemikalier og opl\u00f8sningsmidler; og kan derfor anvendes til mange forskellige problematikker.<\/p>\n<p>Karakteriseret ved sin behagelige, frugtduft har denne olie en munter, opl\u00f8ftende og afslappende effekt. Det skaber et varmt milj\u00f8 af hygge.<\/p>\n<p><strong>BRUG:<\/strong> Kom et par dr\u00e5ber i din diffuser og nyd effekten og duften. Tils\u00e6t et par dr\u00e5ber i en b\u00e6reolie, og mass\u00e9r den ind i din hud og nyd en mere glat, klar og ren hud.<\/p>\n<p><strong>FORSIGTIG:<\/strong> Fortynd altid i en b\u00e6reolie inden p\u00e5f\u00f8ring. Undg\u00e5 f\u00f8lsomme omr\u00e5der. Undg\u00e5 \u00f8jenkontakt og slimhinder. M\u00e5 ikke anvendes, hvis du er gravid eller lider af for h\u00f8jt blodtryk eller epilepsi. Opbevares utilg\u00e6ngeligt for b\u00f8rn.<\/p>\n<p>If\u00f8lge historiske kilder bar Christopher Columbus i 1493 appelsinfr\u00f8 med sig p\u00e5 sin ekspedition til Amerika og til sidst n\u00e5ede de Haiti og Caribien. I det 16. \u00e5rhundrede introducerede portugisiske opdagelsesrejsende appelsintr\u00e6er til Vesten, og senere introducerede italienske handlende appelsintr\u00e6er til Middelhavsomr\u00e5det. I det 16. \u00e5rhundrede blev s\u00f8de appelsiner introduceret i England. Det menes, at europ\u00e6ere v\u00e6rdsatte citrusfrugter prim\u00e6rt for deres medicinske fordele, men appelsinen blev hurtigt betegnet som en frugt. Endelig blev den dyrket af velhaverne, der dyrkede deres egne tr\u00e6er i private &#8220;orangerier&#8221;. Appelsinen er kendt som den \u00e6ldste og mest almindeligt dyrkede tr\u00e6frugt i verden.<\/p>\n<div id=\"gtx-trans\" style=\"position: absolute; left: 66px; top: 128px;\">\n<div class=\"gtx-trans-icon\"><\/div>\n<\/div>\n<div style=\"width: 640px;\" class=\"wp-video\"><video class=\"wp-video-shortcode\" id=\"video-53274-3\" width=\"640\" height=\"360\" preload=\"metadata\" controls=\"controls\"><source type=\"video\/mp4\" src=\"https:\/\/legacy.wetality.com\/wp-content\/uploads\/2019\/12\/Ess_Oils_Final.mp4?_=3\" \/><a href=\"https:\/\/legacy.wetality.com\/wp-content\/uploads\/2019\/12\/Ess_Oils_Final.mp4\">https:\/\/legacy.wetality.com\/wp-content\/uploads\/2019\/12\/Ess_Oils_Final.mp4<\/a><\/video><\/div>\n<div id=\"gtx-trans\" style=\"position: absolute; left: 501px; top: 886px;\">\n<div class=\"gtx-trans-icon\"><\/div>\n<\/div>\n<p><\/p>","protected":false},"excerpt":{"rendered":"<p><strong>100%<\/strong> naturlig og ren. Certificeret \u00f8kologisk.<br \/>\n<strong>S\u00f8d orange \u00e6terisk olie<\/strong> udtrukket af skr\u00e6llen af Citrus Sinensis (s\u00f8d appelsin) ved mekanisk koldpressning, helt uden brug af kemikalier.<\/p>\n<p><a href=\"https:\/\/www.wetality.com\/product-claims-health-disclaimer\/\">Produktkrav og sundhedsansvarsforklaring<\/a><\/p>\n","protected":false},"featured_media":0,"comment_status":"open","ping_status":"closed","template":"","meta":[],"product_brand":[],"product_cat":[70],"product_tag":[2268],"class_list":{"0":"post-53274","1":"product","2":"type-product","3":"status-publish","5":"product_cat-danish-products","6":"product_tag-orange-essential-oil","7":"product_shipping_class-shipping-vat","9":"first","10":"instock","11":"taxable","12":"shipping-taxable","13":"purchasable","14":"product-type-simple"},"_links":{"self":[{"href":"https:\/\/legacy.wetality.com\/da\/wp-json\/wp\/v2\/product\/53274","targetHints":{"allow":["GET"]}}],"collection":[{"href":"https:\/\/legacy.wetality.com\/da\/wp-json\/wp\/v2\/product"}],"about":[{"href":"https:\/\/legacy.wetality.com\/da\/wp-json\/wp\/v2\/types\/product"}],"replies":[{"embeddable":true,"href":"https:\/\/legacy.wetality.com\/da\/wp-json\/wp\/v2\/comments?post=53274"}],"wp:attachment":[{"href":"https:\/\/legacy.wetality.com\/da\/wp-json\/wp\/v2\/media?parent=53274"}],"wp:term":[{"taxonomy":"product_brand","embeddable":true,"href":"https:\/\/legacy.wetality.com\/da\/wp-json\/wp\/v2\/product_brand?post=53274"},{"taxonomy":"product_cat","embeddable":true,"href":"https:\/\/legacy.wetality.com\/da\/wp-json\/wp\/v2\/product_cat?post=53274"},{"taxonomy":"product_tag","embeddable":true,"href":"https:\/\/legacy.wetality.com\/da\/wp-json\/wp\/v2\/product_tag?post=53274"}],"curies":[{"name":"wp","href":"https:\/\/api.w.org\/{rel}","templated":true}]}}