{"id":50297,"date":"2019-10-14T09:33:17","date_gmt":"2019-10-14T09:33:17","guid":{"rendered":"https:\/\/legacy.wetality.com\/?post_type=product&#038;p=50297"},"modified":"2026-04-08T10:25:20","modified_gmt":"2026-04-08T10:25:20","slug":"wetality-happy-lips-balm-asc","status":"publish","type":"product","link":"https:\/\/legacy.wetality.com\/da\/product\/wetality-happy-lips-balm-asc\/","title":{"rendered":"Wetality Happy Lips Balm"},"content":{"rendered":"<p>&nbsp;<\/p>\n<p>Ny formel med 6% CBD.<\/p>\n<p>Wetality har kombineret de bedste ingredienser til pleje af dine l\u00e6ber. Happy Lips indeholder CO2 ekstraheret CBD fra hamp og den indeholder en bred vifte af cannabinoider. Vi har tilf\u00f8jet Aloe Vera til at reparere og berolige, jojoba til at fugte og bivoks til at beskytte dine l\u00e6ber.<\/p>\n<p>Du kan bruge Wetality Happy Lips hele \u00e5ret rundt til at pleje, fugte, reparere og fork\u00e6le dine l\u00e6ber.<\/p>","protected":false},"excerpt":{"rendered":"<p>100% naturlige ingredienser<\/p>\n<p><strong>Ingredienser:<\/strong><br \/>\n<em>Cera Alba (beeswax), Prunus Amygdalus Dulcis (sweet almond) Oil, Simmondsia Chinensis (jojoba) Seed Oil, Theobroma Cacao (cocoa) Seed Butter, Ricinus Communis (castor) Seed Oil, Aloe Barbadensis Leaf Extract, Cannabidiol, Cannabis Sativa Leaf Extract.<\/em><\/p>\n","protected":false},"featured_media":127017,"comment_status":"open","ping_status":"closed","template":"","meta":[],"product_brand":[],"product_cat":[14,41,15,2297],"product_tag":[],"class_list":{"0":"post-50297","1":"product","2":"type-product","3":"status-publish","4":"has-post-thumbnail","6":"product_cat-single-products","7":"product_cat-autoship-customers","8":"product_cat-autoship-products","9":"product_cat-subscription-product","10":"product_shipping_class-autoship-vat","12":"first","13":"instock","14":"taxable","15":"shipping-taxable","16":"purchasable","17":"product-type-subscription"},"_links":{"self":[{"href":"https:\/\/legacy.wetality.com\/da\/wp-json\/wp\/v2\/product\/50297","targetHints":{"allow":["GET"]}}],"collection":[{"href":"https:\/\/legacy.wetality.com\/da\/wp-json\/wp\/v2\/product"}],"about":[{"href":"https:\/\/legacy.wetality.com\/da\/wp-json\/wp\/v2\/types\/product"}],"replies":[{"embeddable":true,"href":"https:\/\/legacy.wetality.com\/da\/wp-json\/wp\/v2\/comments?post=50297"}],"wp:featuredmedia":[{"embeddable":true,"href":"https:\/\/legacy.wetality.com\/da\/wp-json\/wp\/v2\/media\/127017"}],"wp:attachment":[{"href":"https:\/\/legacy.wetality.com\/da\/wp-json\/wp\/v2\/media?parent=50297"}],"wp:term":[{"taxonomy":"product_brand","embeddable":true,"href":"https:\/\/legacy.wetality.com\/da\/wp-json\/wp\/v2\/product_brand?post=50297"},{"taxonomy":"product_cat","embeddable":true,"href":"https:\/\/legacy.wetality.com\/da\/wp-json\/wp\/v2\/product_cat?post=50297"},{"taxonomy":"product_tag","embeddable":true,"href":"https:\/\/legacy.wetality.com\/da\/wp-json\/wp\/v2\/product_tag?post=50297"}],"curies":[{"name":"wp","href":"https:\/\/api.w.org\/{rel}","templated":true}]}}