{"id":45173,"date":"2019-06-20T13:19:46","date_gmt":"2019-06-20T13:19:46","guid":{"rendered":"https:\/\/legacy.wetality.com\/?post_type=product&#038;p=45173"},"modified":"2026-02-26T07:55:35","modified_gmt":"2026-02-26T07:55:35","slug":"wetality-air","status":"publish","type":"product","link":"https:\/\/legacy.wetality.com\/da\/product\/wetality-air\/","title":{"rendered":"Wetality AIR"},"content":{"rendered":"<p>&nbsp;<\/p>\n<p><strong>Wetality AIR<\/strong> er et velsmagende, alternativ til cigaretter, som indeholder naturlig pebermynteolie og cannabinoider. Wetality AIR gi\u2019r dig en behagelige og effektiv ind\u00e5nding af luft og aromastoffer, s\u00e5 kroppen stimuleres og lungerne aktiveres.<\/p>\n<p><video id=\"myvideo\" class=\"afterglow\" width=\"460\" height=\"260\"><source type=\"video\/mp4\" src=\"\/wp-content\/themes\/storefront-child-theme\/videos\/Wetality_AIR_promo.mp4\" \/><\/video><\/p>\n<p>Du kan nyde <strong>Wetality <\/strong><strong>AIR<\/strong> n\u00e5r og hvor du vil &#8211; uden at genere dine omgivelser.<\/p>\n<p><strong>Anvendelse:<\/strong> Ved f\u00f8rste ind\u00e5nding: tryk den hvide top ind og ryst r\u00f8ret 10 x op &amp; ned, for at aktivere <strong>Wetality AIR<\/strong>. Herefter kan du nyde den aromatiske smagsoplevelser fra den anden ende af r\u00f8ret. N\u00e5r der ikke er mere smag, er r\u00f8ret tomt.<\/p>\n<p><strong>Forholdsregler:<\/strong> M\u00e5 ikke ant\u00e6ndes.<\/p>\n<p><strong>Du er velkommen til at nyde den overalt<\/strong><\/p>\n<p style=\"padding-left: 30px;\"><img loading=\"lazy\" decoding=\"async\" class=\"wp-image-30092 size-medium alignnone\" src=\"https:\/\/legacy.wetality.com\/wp-content\/uploads\/2018\/09\/allowed-icons-300x79.png\" alt=\"Feel free to enjoy everywhere\" width=\"300\" height=\"79\" \/><\/p>\n<p>&nbsp;<\/p>\n<p><strong>Enkel forklaring p\u00e5 brug af Wetality AIR r\u00f8ret<\/strong><\/p>\n<ul>\n<li>En <strong>Wetality AIR<\/strong> leverer ca. 200 sug.<\/li>\n<li>Indholdet forbruges kun, n\u00e5r luften bl\u00e6ser\/suges gennem <strong>Wetality AIR<\/strong> \u2013 p\u00e5 den m\u00e5de leverer den en fortyndet form af ingredienserne (f.eks. Pebermyntsmag med cannabinoider\/terpener).<\/li>\n<li>Efter aktivering skal et <strong>Wetality AIR<\/strong> r\u00f8r ikke deaktiveres eller slukkes. Det skal blot forblive aktiveret til senere genanvendelse.<\/li>\n<li>Et <strong>Wetality AIR<\/strong> r\u00f8r er tomt, n\u00e5r der ikke er mere smag\/m\u00e6rkbar effekt.<\/li>\n<\/ul>\n<p>&nbsp;<\/p>\n<p><strong>Hvordan man h\u00e5ndterer den!<\/strong><\/p>\n<ul>\n<li>N\u00e5r du aktiverer et <strong>Wetality AIR<\/strong> r\u00f8r, frigives smagsoplevelserne igen og igen.<\/li>\n<li>Skub den T-formede pin ind i r\u00f8ret og med et fast tryk aktiverer du <strong>Wetality AIR<\/strong>.<\/li>\n<li>Du kan ryste <strong>Wetality AIR<\/strong> et par gange i rolige vandrette bev\u00e6gelser for at blande indholdet optimalt. Dette g\u00f8res b\u00e5de ved aktivering og i brugsperioden.<\/li>\n<li>Sug fra stjernens filterpunkt, ikke fra den T-formede pin ende!<\/li>\n<\/ul>\n<p>&nbsp;<\/p>\n<p style=\"padding-left: 30px;\"><img loading=\"lazy\" decoding=\"async\" class=\"alignnone size-full wp-image-98338\" src=\"https:\/\/legacy.wetality.com\/wp-content\/uploads\/2018\/09\/Vitality-AIR-how-to-300x203-1.png\" alt=\"\" width=\"300\" height=\"203\" \/>FJERN IKKE PIN!<\/p>\n<p>Du er nu klar til at nyde din <strong>Wetality AIR<\/strong>.<\/p>\n<p>Forts\u00e6t, indtil du har n\u00e5et en behagelig aromatisk, forfriskende tilfredshed.<\/p>\n<p><strong>Enkelt og behageligt.<\/strong><\/p>\n<ul>\n<li>Ingen r\u00f8g.<\/li>\n<li>Ingen opvarmning eller br\u00e6nding (forskellig fra en e-cigaret, cigaret, fordampere og forst\u00f8vningsmidler).<\/li>\n<li>Ingen tj\u00e6re, kuldioxid eller partikler i hverken lunger eller milj\u00f8.<\/li>\n<li>Ingen risiko for passiv rygning.<\/li>\n<li>Ingen begr\u00e6nsning for brugen af \u200b\u200bproduktet. Produktet er ikke underlagt begr\u00e6nsede rygezoner.<\/li>\n<\/ul>\n<p><\/p>","protected":false},"excerpt":{"rendered":"<p>Produktet indeholder: 5 smagsstoffer<\/p>\n<p><strong>Ingredienser:<\/strong><br \/>\nPebermynteolie, cannabinoider, propylenglycol,<br \/>\nolie af f\u00f8devarekvalitet (i alt ca. 50 mg).<\/p>\n<p><a href=\"https:\/\/www.wetality.com\/product-claims-health-disclaimer\/\">Product claims &amp; health disclaimer<\/a><\/p>\n","protected":false},"featured_media":45065,"comment_status":"open","ping_status":"closed","template":"","meta":[],"product_brand":[],"product_cat":[12,70,14],"product_tag":[61],"class_list":{"0":"post-45173","1":"product","2":"type-product","3":"status-publish","4":"has-post-thumbnail","6":"product_cat-cbd-products","7":"product_cat-danish-products","8":"product_cat-single-products","9":"product_tag-for-shop-page","10":"product_shipping_class-shipping-vat","12":"first","13":"instock","14":"taxable","15":"shipping-taxable","16":"purchasable","17":"product-type-simple"},"_links":{"self":[{"href":"https:\/\/legacy.wetality.com\/da\/wp-json\/wp\/v2\/product\/45173","targetHints":{"allow":["GET"]}}],"collection":[{"href":"https:\/\/legacy.wetality.com\/da\/wp-json\/wp\/v2\/product"}],"about":[{"href":"https:\/\/legacy.wetality.com\/da\/wp-json\/wp\/v2\/types\/product"}],"replies":[{"embeddable":true,"href":"https:\/\/legacy.wetality.com\/da\/wp-json\/wp\/v2\/comments?post=45173"}],"wp:featuredmedia":[{"embeddable":true,"href":"https:\/\/legacy.wetality.com\/da\/wp-json\/wp\/v2\/media\/45065"}],"wp:attachment":[{"href":"https:\/\/legacy.wetality.com\/da\/wp-json\/wp\/v2\/media?parent=45173"}],"wp:term":[{"taxonomy":"product_brand","embeddable":true,"href":"https:\/\/legacy.wetality.com\/da\/wp-json\/wp\/v2\/product_brand?post=45173"},{"taxonomy":"product_cat","embeddable":true,"href":"https:\/\/legacy.wetality.com\/da\/wp-json\/wp\/v2\/product_cat?post=45173"},{"taxonomy":"product_tag","embeddable":true,"href":"https:\/\/legacy.wetality.com\/da\/wp-json\/wp\/v2\/product_tag?post=45173"}],"curies":[{"name":"wp","href":"https:\/\/api.w.org\/{rel}","templated":true}]}}