{"id":39771,"date":"2018-06-29T20:05:19","date_gmt":"2018-06-29T20:05:19","guid":{"rendered":"https:\/\/legacy.wetality.com\/?post_type=product&#038;p=39771"},"modified":"2025-09-26T13:20:24","modified_gmt":"2025-09-26T13:20:24","slug":"01-20-ml-spray","status":"publish","type":"product","link":"https:\/\/legacy.wetality.com\/da\/product\/01-20-ml-spray\/","title":{"rendered":"NO.01 &#8211; 20 ml spray"},"content":{"rendered":"<p>&nbsp;<\/p>\n<p><strong><span lang=\"SR-LATN-RS\">NO.01 \u2013 20 ml spray<\/span><\/strong> har en <span lang=\"SR-LATN-RS\">amber<\/span> farve, tyk og t\u00e6t tekstur.<\/p>\n<p>Indeholder \u00f8kologisk certificeret MCT-olie og hampefr\u00f8olie for at opn\u00e5 ultimativ\u00a0absorbering.<\/p>\n<p>Indeholder kun naturlige ingredienser.<\/p>\n<p>Ingen kunstige farvestoffer, aromaer, konserveringsmidler.<\/p>\n<p>Indeholder hampecannabinoider, som aktiv ingrediens.<\/p>\n<p>Opbevares t\u00f8rt og ved stuetemperatur.<\/p>\n<p><strong>Anvendelse:<\/strong> Fugter og lindrer.<\/p>\n<p>P\u00e5f\u00f8res huden efter behov.<\/p>\n<p><\/p>","protected":false},"excerpt":{"rendered":"<p><strong>Aktive ingredienser: 1000 mg, THC &lt; 0,2%<\/strong><\/p>\n<p><strong>Ingredienser:<\/strong><br \/>\n<em>Cannabis sativa<\/em> hampefr\u00f8olie, <em>Caprylic\/Capric Triglyceride<\/em>, <em>Cannabis sativa<\/em> blomst\/blade\/hampekstrakt.<\/p>\n<p><a href=\"https:\/\/legacy.wetality.com\/wp-content\/uploads\/2022\/05\/Sammenlign-produktliste-22.pdf\">Sammenlign produktliste <i class=\"fa fa-exchange\" aria-hidden=\"true\"><\/i><\/a><\/p>\n<p><a class=\"disklmr\" href=\"https:\/\/legacy.wetality.com\/da\/product-claims-health-disclaimer\/\">Produktkrav og sundhedsansvarsforklaring<\/a><\/p>\n","protected":false},"featured_media":118061,"comment_status":"open","ping_status":"closed","template":"","meta":[],"product_brand":[],"product_cat":[12,70,14],"product_tag":[2045],"class_list":{"0":"post-39771","1":"product","2":"type-product","3":"status-publish","4":"has-post-thumbnail","6":"product_cat-cbd-products","7":"product_cat-danish-products","8":"product_cat-single-products","9":"product_tag-comparison","10":"product_shipping_class-shipping-vat","12":"first","13":"outofstock","14":"taxable","15":"shipping-taxable","16":"purchasable","17":"product-type-simple"},"_links":{"self":[{"href":"https:\/\/legacy.wetality.com\/da\/wp-json\/wp\/v2\/product\/39771","targetHints":{"allow":["GET"]}}],"collection":[{"href":"https:\/\/legacy.wetality.com\/da\/wp-json\/wp\/v2\/product"}],"about":[{"href":"https:\/\/legacy.wetality.com\/da\/wp-json\/wp\/v2\/types\/product"}],"replies":[{"embeddable":true,"href":"https:\/\/legacy.wetality.com\/da\/wp-json\/wp\/v2\/comments?post=39771"}],"wp:featuredmedia":[{"embeddable":true,"href":"https:\/\/legacy.wetality.com\/da\/wp-json\/wp\/v2\/media\/118061"}],"wp:attachment":[{"href":"https:\/\/legacy.wetality.com\/da\/wp-json\/wp\/v2\/media?parent=39771"}],"wp:term":[{"taxonomy":"product_brand","embeddable":true,"href":"https:\/\/legacy.wetality.com\/da\/wp-json\/wp\/v2\/product_brand?post=39771"},{"taxonomy":"product_cat","embeddable":true,"href":"https:\/\/legacy.wetality.com\/da\/wp-json\/wp\/v2\/product_cat?post=39771"},{"taxonomy":"product_tag","embeddable":true,"href":"https:\/\/legacy.wetality.com\/da\/wp-json\/wp\/v2\/product_tag?post=39771"}],"curies":[{"name":"wp","href":"https:\/\/api.w.org\/{rel}","templated":true}]}}