{"id":39551,"date":"2019-03-06T12:27:27","date_gmt":"2019-03-06T12:27:27","guid":{"rendered":"https:\/\/legacy.wetality.com\/?post_type=product&#038;p=39551"},"modified":"2026-04-08T09:55:14","modified_gmt":"2026-04-08T09:55:14","slug":"no-06-10-ml-autoship-cus","status":"publish","type":"product","link":"https:\/\/legacy.wetality.com\/da\/product\/no-06-10-ml-autoship-cus\/","title":{"rendered":"NO.06 &#8211; 10 ml"},"content":{"rendered":"<p>&nbsp;<\/p>\n<p><strong>NO.06 \u2013 10 ml<\/strong> har en m\u00f8rk, gr\u00f8n farve, tyk og t\u00e6t tekstur.<\/p>\n<p><strong>Indeholder verificeret superkritisk CO2-ekstraheret<\/strong> industrihamp fortyndet i \u00f8kologisk certificeret koldpresset ekstra <strong>jomfru marokkansk olivenolie<\/strong> og certificeret \u00f8kologisk MCT-olie for bedre optagelse og effektivitet.<\/p>\n<p>Indeholder kun naturlige ingredienser.<\/p>\n<p>Ingen kunstige farvestoffer, aromaer, konserveringsmidler.<\/p>\n<p>Indeholder hampecannabinoider, som aktiv ingrediens.<\/p>\n<p>Opbevares t\u00f8rt og ved stuetemperatur.<\/p>\n<p><strong>Anvendelse:<\/strong> Fugter og lindrer.<\/p>\n<p>P\u00e5f\u00f8res huden efter behov.<\/p>\n<p><strong>Forholdsregler:<\/strong> ved \u00f8jenkontakt eller hudirritation, skyl da straks med vand.<\/p>\n<p><a class=\"w-btn product-test-btn\" style=\"margin-top: 20px;\" href=\"https:\/\/legacy.wetality.com\/wp-content\/uploads\/2024\/10\/NO_06_10ml_Batch_030627.pdf\" target=\"_blank\" rel=\"noopener noreferrer\">Batch No: 030627<\/a><\/p>","protected":false},"excerpt":{"rendered":"<p><strong>Aktive ingredienser: 500 mg, THC &lt; 0,2%<\/strong><\/p>\n<p><strong>Ingredienser:<\/strong><br \/>\n<em>Caprylic\/Capric Triglyceride, Olea europaea <\/em>fruit oil<em>,\u00a0<\/em><em><br \/>\nCannabis sativa <\/em>leaf extract<em>.<\/em><\/p>\n<p><a class=\"disklmr\" href=\"https:\/\/legacy.wetality.com\/da\/product-claims-health-disclaimer\/\">Produktkrav og sundhedsansvarsforklaring<\/a><\/p>\n","protected":false},"featured_media":128826,"comment_status":"open","ping_status":"closed","template":"","meta":[],"product_brand":[],"product_cat":[41,15,2297],"product_tag":[2045],"class_list":{"0":"post-39551","1":"product","2":"type-product","3":"status-publish","4":"has-post-thumbnail","6":"product_cat-autoship-customers","7":"product_cat-autoship-products","8":"product_cat-subscription-product","9":"product_tag-comparison","10":"product_shipping_class-autoship-vat","12":"first","13":"instock","14":"taxable","15":"shipping-taxable","16":"purchasable","17":"product-type-subscription"},"_links":{"self":[{"href":"https:\/\/legacy.wetality.com\/da\/wp-json\/wp\/v2\/product\/39551","targetHints":{"allow":["GET"]}}],"collection":[{"href":"https:\/\/legacy.wetality.com\/da\/wp-json\/wp\/v2\/product"}],"about":[{"href":"https:\/\/legacy.wetality.com\/da\/wp-json\/wp\/v2\/types\/product"}],"replies":[{"embeddable":true,"href":"https:\/\/legacy.wetality.com\/da\/wp-json\/wp\/v2\/comments?post=39551"}],"wp:featuredmedia":[{"embeddable":true,"href":"https:\/\/legacy.wetality.com\/da\/wp-json\/wp\/v2\/media\/128826"}],"wp:attachment":[{"href":"https:\/\/legacy.wetality.com\/da\/wp-json\/wp\/v2\/media?parent=39551"}],"wp:term":[{"taxonomy":"product_brand","embeddable":true,"href":"https:\/\/legacy.wetality.com\/da\/wp-json\/wp\/v2\/product_brand?post=39551"},{"taxonomy":"product_cat","embeddable":true,"href":"https:\/\/legacy.wetality.com\/da\/wp-json\/wp\/v2\/product_cat?post=39551"},{"taxonomy":"product_tag","embeddable":true,"href":"https:\/\/legacy.wetality.com\/da\/wp-json\/wp\/v2\/product_tag?post=39551"}],"curies":[{"name":"wp","href":"https:\/\/api.w.org\/{rel}","templated":true}]}}