{"id":138193,"date":"2025-12-30T10:53:11","date_gmt":"2025-12-30T10:53:11","guid":{"rendered":"https:\/\/legacy.wetality.com\/?post_type=product&#038;p=138193"},"modified":"2026-02-25T08:47:22","modified_gmt":"2026-02-25T08:47:22","slug":"winter-offer-package","status":"publish","type":"product","link":"https:\/\/legacy.wetality.com\/da\/product\/winter-offer-package\/","title":{"rendered":"Winter Offer package"},"content":{"rendered":"<p>&nbsp;<\/p>\n<p><b>Fedtet krukke \u2013 ikke fedtet tilbud.<\/b><\/p>\n<p>Ja, krukken kan godt blive lidt fedtet.<\/p>\n<p>Det er prisen for et produkt, der er\u00a0<b>s\u00e5 koncentreret<\/b>, at det n\u00e6sten ikke kan opf\u00f8re sig p\u00e6nt.<\/p>\n<p>Vi har altid arbejdet for at lave det bedst mulige produkt. I processen blev vores paste s\u00e5 potent, at den begyndte at krystallisere. Derfor har vi skiftet emballage, s\u00e5 du er sikret at f\u00e5\u00a0<b>det hele med<\/b>.<\/p>\n<p><b>Gaven, der giver mening \u2013 ogs\u00e5 efter jul<\/b>.<\/p>\n<p>Pakken indeholder:<\/p>\n<ul>\n<li>1 stk. <a href=\"https:\/\/legacy.wetality.com\/product\/wetality-cbd-paste\/\" target=\"_blank\" rel=\"noopener\">Ultimate Paste<\/a><br \/>\n<a class=\"w-btn product-test-btn\" style=\"margin-top: 20px;\" href=\"https:\/\/legacy.wetality.com\/wp-content\/uploads\/2025\/09\/Ultimate_Paste_210828.pdf\" target=\"_blank\" rel=\"noopener noreferrer\">Batch No: 210828<\/a> <a class=\"w-btn product-test-btn\" style=\"margin-top: 20px;\" href=\"https:\/\/legacy.wetality.com\/wp-content\/uploads\/2025\/01\/CBD_Paste_Batch_091027.pdf\" target=\"_blank\" rel=\"noopener noreferrer\">Batch No: 091027<\/a><\/li>\n<li>1 stk. <a href=\"https:\/\/legacy.wetality.com\/product\/04-10-ml\/\" target=\"_blank\" rel=\"noopener\">NO.04 \u2013 10 ml drops<\/a><br \/>\n<a class=\"w-btn product-test-btn\" style=\"margin-top: 20px;\" href=\"https:\/\/legacy.wetality.com\/wp-content\/uploads\/2025\/09\/NO_04-30ml_220828.pdf\" target=\"_blank\" rel=\"noopener noreferrer\">Batch No: 220828<\/a> <a class=\"w-btn product-test-btn\" style=\"margin-top: 20px;\" href=\"https:\/\/legacy.wetality.com\/wp-content\/uploads\/2024\/01\/NO.04_10ml_150127.pdf\" target=\"_blank\" rel=\"noopener noreferrer\">Batch No: 150127<\/a><\/li>\n<\/ul>\n<p><\/p>","protected":false},"excerpt":{"rendered":"<p>Pakken indeholder:<\/p>\n<ul>\n<li>1 stk. <a href=\"https:\/\/legacy.wetality.com\/product\/wetality-cbd-paste\/\" target=\"_blank\" rel=\"noopener\">Ultimate Paste<\/a><\/li>\n<li>1 stk. <a href=\"https:\/\/legacy.wetality.com\/product\/04-10-ml\/\" target=\"_blank\" rel=\"noopener\">NO.04 10 ml drops<\/a><\/li>\n<\/ul>\n","protected":false},"featured_media":138195,"comment_status":"closed","ping_status":"closed","template":"","meta":[],"product_brand":[],"product_cat":[12],"product_tag":[],"class_list":{"0":"post-138193","1":"product","2":"type-product","3":"status-publish","4":"has-post-thumbnail","6":"product_cat-cbd-products","7":"product_shipping_class-shipping-vat","9":"first","10":"instock","11":"taxable","12":"shipping-taxable","13":"purchasable","14":"product-type-simple"},"_links":{"self":[{"href":"https:\/\/legacy.wetality.com\/da\/wp-json\/wp\/v2\/product\/138193","targetHints":{"allow":["GET"]}}],"collection":[{"href":"https:\/\/legacy.wetality.com\/da\/wp-json\/wp\/v2\/product"}],"about":[{"href":"https:\/\/legacy.wetality.com\/da\/wp-json\/wp\/v2\/types\/product"}],"replies":[{"embeddable":true,"href":"https:\/\/legacy.wetality.com\/da\/wp-json\/wp\/v2\/comments?post=138193"}],"wp:featuredmedia":[{"embeddable":true,"href":"https:\/\/legacy.wetality.com\/da\/wp-json\/wp\/v2\/media\/138195"}],"wp:attachment":[{"href":"https:\/\/legacy.wetality.com\/da\/wp-json\/wp\/v2\/media?parent=138193"}],"wp:term":[{"taxonomy":"product_brand","embeddable":true,"href":"https:\/\/legacy.wetality.com\/da\/wp-json\/wp\/v2\/product_brand?post=138193"},{"taxonomy":"product_cat","embeddable":true,"href":"https:\/\/legacy.wetality.com\/da\/wp-json\/wp\/v2\/product_cat?post=138193"},{"taxonomy":"product_tag","embeddable":true,"href":"https:\/\/legacy.wetality.com\/da\/wp-json\/wp\/v2\/product_tag?post=138193"}],"curies":[{"name":"wp","href":"https:\/\/api.w.org\/{rel}","templated":true}]}}