{"id":134339,"date":"2025-08-28T12:32:44","date_gmt":"2025-08-28T12:32:44","guid":{"rendered":"https:\/\/legacy.wetality.com\/?post_type=product&#038;p=134339"},"modified":"2025-10-03T20:14:55","modified_gmt":"2025-10-03T20:14:55","slug":"wetality-september-tilbud","status":"publish","type":"product","link":"https:\/\/legacy.wetality.com\/da\/product\/wetality-september-tilbud\/","title":{"rendered":"Wetality september tilbud"},"content":{"rendered":"<p>&nbsp;<\/p>\n<p>Inden vi f\u00e5r set os om, sniger efter\u00e5ret sig ind p\u00e5 os, og det vil vi i Wetality gerne im\u00f8deg\u00e5 med et <strong>SUPERTILBUD<\/strong> p\u00e5 gode velegnede produkter, nemlig en <strong>SAMPAK med<\/strong>:<\/p>\n<ul>\n<li><strong>1 Happy Lips<\/strong> &#8211; til pleje af t\u00f8rre l\u00e6ber og udsatte omr\u00e5der<\/li>\n<li><strong>1 Pakke med 5 Air Penne<\/strong> med masser af frisk luft, mindst 150 sug i hver<\/li>\n<li><strong>1 Turboinhaler<\/strong> for ekstra luft og bedre mudstykke at suge p\u00e5, indeholdende 2 udskiftelige Air Penne<\/li>\n<li><strong>1 Wetality Sling Back<\/strong> til de sm\u00e5ting, vi altid lige har brug for at have med p\u00e5 farten<\/li>\n<\/ul>\n<p>Vi gl\u00e6der os til at g\u00e5 efter\u00e5ret i m\u00f8de sammen.<\/p>","protected":false},"excerpt":{"rendered":"<p>Indhold:<\/p>\n<ul>\n<li><strong>1 Happy Lips<\/strong><\/li>\n<li><strong>1 Pakke med 5 Air Penne<\/strong><\/li>\n<li><strong>1 Turboinhaler<\/strong><\/li>\n<li><strong>1 Wetality Sling Back<\/strong><\/li>\n<\/ul>\n<p>Tilbuddet g\u00e6lder s\u00e5 l\u00e6nge lager haves og <strong>KUN i Sampak<\/strong>.<\/p>\n","protected":false},"featured_media":134341,"comment_status":"closed","ping_status":"closed","template":"","meta":[],"product_brand":[],"product_cat":[12,89],"product_tag":[],"class_list":{"0":"post-134339","1":"product","2":"type-product","3":"status-publish","4":"has-post-thumbnail","6":"product_cat-cbd-products","7":"product_cat-danish-promotion","8":"product_shipping_class-shipping-vat","10":"first","11":"outofstock","12":"taxable","13":"shipping-taxable","14":"purchasable","15":"product-type-simple"},"_links":{"self":[{"href":"https:\/\/legacy.wetality.com\/da\/wp-json\/wp\/v2\/product\/134339","targetHints":{"allow":["GET"]}}],"collection":[{"href":"https:\/\/legacy.wetality.com\/da\/wp-json\/wp\/v2\/product"}],"about":[{"href":"https:\/\/legacy.wetality.com\/da\/wp-json\/wp\/v2\/types\/product"}],"replies":[{"embeddable":true,"href":"https:\/\/legacy.wetality.com\/da\/wp-json\/wp\/v2\/comments?post=134339"}],"wp:featuredmedia":[{"embeddable":true,"href":"https:\/\/legacy.wetality.com\/da\/wp-json\/wp\/v2\/media\/134341"}],"wp:attachment":[{"href":"https:\/\/legacy.wetality.com\/da\/wp-json\/wp\/v2\/media?parent=134339"}],"wp:term":[{"taxonomy":"product_brand","embeddable":true,"href":"https:\/\/legacy.wetality.com\/da\/wp-json\/wp\/v2\/product_brand?post=134339"},{"taxonomy":"product_cat","embeddable":true,"href":"https:\/\/legacy.wetality.com\/da\/wp-json\/wp\/v2\/product_cat?post=134339"},{"taxonomy":"product_tag","embeddable":true,"href":"https:\/\/legacy.wetality.com\/da\/wp-json\/wp\/v2\/product_tag?post=134339"}],"curies":[{"name":"wp","href":"https:\/\/api.w.org\/{rel}","templated":true}]}}