{"id":126059,"date":"2025-01-09T09:47:34","date_gmt":"2025-01-09T09:47:34","guid":{"rendered":"https:\/\/legacy.wetality.com\/?post_type=product&#038;p=126059"},"modified":"2026-02-25T18:53:45","modified_gmt":"2026-02-25T18:53:45","slug":"fungi-boost-30-ml","status":"publish","type":"product","link":"https:\/\/legacy.wetality.com\/da\/product\/fungi-boost-30-ml\/","title":{"rendered":"Funghi Boost 30 ml"},"content":{"rendered":"<p>&nbsp;<\/p>\n<p>Det f\u00f8rste produkt, vi lancerer i den nye kosttilskudsserie, er Funghi Boost, der er baseret p\u00e5 fire fantastiske svampe: <em>Reishi, Chaga, Lions Mane og Cordyceps<\/em>.<\/p>\n<p>Alle er sk\u00e5nsomt ekstraheret, hvorefter ekstrakten opl\u00f8ses i osmose-renset vand. Det hele i kvalitet fra \u00f8verste hylde.<\/p>\n<p>I Asien har man anvendt svampe i tusinder af \u00e5r, s\u00e5 det er hverken nyt eller ukendt at anvende specifikke svampe i kosttilskud.<\/p>\n<p>Vi har valgt en <strong>meget effektfuld sammens\u00e6tning af svampe i FUNGHI BOOST<\/strong>. De er unikke hver i s\u00e6r, og i samspil giver de optimale egenskaber.<\/p>\n<p>Alt i alt er <strong>FUNGHI BOOST<\/strong> et st\u00e6rkt bud p\u00e5, hvordan man kan optimere effekten fra disse fire svampe \u2013 <strong>samlet i et produkt<\/strong>.<\/p>","protected":false},"excerpt":{"rendered":"<p><strong>Funghi Boost<\/strong>, der udelukkende indeholder <strong>100% naturlige ekstrakter<\/strong>, er det f\u00f8rste produkt, vi lancerer i den nye kosttilskudsserie.<br \/>\nDen er baseret p\u00e5 fire fantastiske svampe; <em><strong>Reishi, Chaga, Lions Mane og Cordyceps<\/strong><\/em>.<\/p>\n<p>Alle er sk\u00e5nsomt ekstraheret, hvorefter ekstrakten er opl\u00f8st i osmose-renset vand. Med en smule vegetabilsk glycerin fra kokos.<\/p>\n<p><strong>Det hele er kvalitet fra \u00f8verste hylde.<\/strong><\/p>\n","protected":false},"featured_media":138077,"comment_status":"open","ping_status":"closed","template":"","meta":[],"product_brand":[],"product_cat":[12,70],"product_tag":[],"class_list":{"0":"post-126059","1":"product","2":"type-product","3":"status-publish","4":"has-post-thumbnail","6":"product_cat-cbd-products","7":"product_cat-danish-products","8":"product_shipping_class-shipping-vat","10":"first","11":"instock","12":"taxable","13":"shipping-taxable","14":"purchasable","15":"product-type-simple"},"_links":{"self":[{"href":"https:\/\/legacy.wetality.com\/da\/wp-json\/wp\/v2\/product\/126059","targetHints":{"allow":["GET"]}}],"collection":[{"href":"https:\/\/legacy.wetality.com\/da\/wp-json\/wp\/v2\/product"}],"about":[{"href":"https:\/\/legacy.wetality.com\/da\/wp-json\/wp\/v2\/types\/product"}],"replies":[{"embeddable":true,"href":"https:\/\/legacy.wetality.com\/da\/wp-json\/wp\/v2\/comments?post=126059"}],"wp:featuredmedia":[{"embeddable":true,"href":"https:\/\/legacy.wetality.com\/da\/wp-json\/wp\/v2\/media\/138077"}],"wp:attachment":[{"href":"https:\/\/legacy.wetality.com\/da\/wp-json\/wp\/v2\/media?parent=126059"}],"wp:term":[{"taxonomy":"product_brand","embeddable":true,"href":"https:\/\/legacy.wetality.com\/da\/wp-json\/wp\/v2\/product_brand?post=126059"},{"taxonomy":"product_cat","embeddable":true,"href":"https:\/\/legacy.wetality.com\/da\/wp-json\/wp\/v2\/product_cat?post=126059"},{"taxonomy":"product_tag","embeddable":true,"href":"https:\/\/legacy.wetality.com\/da\/wp-json\/wp\/v2\/product_tag?post=126059"}],"curies":[{"name":"wp","href":"https:\/\/api.w.org\/{rel}","templated":true}]}}