{"id":126058,"date":"2025-01-09T09:46:32","date_gmt":"2025-01-09T09:46:32","guid":{"rendered":"https:\/\/legacy.wetality.com\/?post_type=product&#038;p=126058"},"modified":"2026-02-24T14:34:00","modified_gmt":"2026-02-24T14:34:00","slug":"shilajit-50-gram","status":"publish","type":"product","link":"https:\/\/legacy.wetality.com\/da\/product\/shilajit-50-gram\/","title":{"rendered":"Shilajit Himalaya"},"content":{"rendered":"<p>&nbsp;<\/p>\n<p><strong>Wetality Shilajit<\/strong> er indsamlet i en h\u00f8jde af 16-18.000 fod i Himalaya p\u00e5 en b\u00e6redygtig m\u00e5de og er opl\u00f8st i fruktosesirup, og er naturligt behandlet for at bevare alle egenskaberne. Uden brug af termiske effekter bevares shilajittens styrke, der er baseret p\u00e5 flere tusinde \u00e5rs tradition.<\/p>\n<p><strong>Brugsanvisning<\/strong><br \/>\nTag 300 mg shilajit harpiks med den medf\u00f8lgende m\u00e5leske. Opl\u00f8s den i lunkent vand, m\u00e6lk,te eller andre drikkevarer.<\/p>\n<p>Omr\u00f8r og konsum\u00e9r. Den kan ogs\u00e5 tages direkte under tungen for sublingual absorption.<\/p>\n<p>Brug 1 til 2 gange dagligt p\u00e5 tom mave om morgenen og\/eller f\u00f8r sengetid.<\/p>\n<p><strong>Dagligt indtag<\/strong><br \/>\nAnbefalet dagligt indtag: 600 mg (2 serveringer \u00e1 300 mg). Den anbefalede daglige dosis m\u00e5 ikke overskrides.<br \/>\nKosttilskud b\u00f8r ikke tr\u00e6de i stedet for en varieret kost.<\/p>\n<p>Opbevares utilg\u00e6ngeligt for b\u00f8rn.<\/p>\n<p><a class=\"w-btn product-test-btn\" style=\"margin-top: 20px;\" href=\"https:\/\/legacy.wetality.com\/wp-content\/uploads\/2025\/11\/Eurofins_Analysesertifikat_Shilajit.pdf\" target=\"_blank\" rel=\"noopener noreferrer\">Lab Test<\/a><\/p>","protected":false},"excerpt":{"rendered":"<p><strong>Mountain Resin<\/strong><br \/>\nWetality Shilajit er indsamlet i en h\u00f8jde af 16-18.000 fod i Himalaya p\u00e5 en b\u00e6redygtig m\u00e5de og er opl\u00f8st i fruktosesirup, og er naturligt behandlet for at bevare alle egenskaberne.<\/p>\n<p>Uden brug af termiske effekter bevares shilajittens styrke, der er baseret p\u00e5 flere tusinde \u00e5rs tradition.<\/p>\n<p><strong>Ingredienser<\/strong><br \/>\n<em>Shilajit resin (Asphaltum punjabianum), fructose syrup<\/em><\/p>\n","protected":false},"featured_media":137301,"comment_status":"open","ping_status":"closed","template":"","meta":[],"product_brand":[],"product_cat":[12,70],"product_tag":[],"class_list":{"0":"post-126058","1":"product","2":"type-product","3":"status-publish","4":"has-post-thumbnail","6":"product_cat-cbd-products","7":"product_cat-danish-products","8":"product_shipping_class-shipping-vat","10":"first","11":"instock","12":"taxable","13":"shipping-taxable","14":"purchasable","15":"product-type-simple"},"_links":{"self":[{"href":"https:\/\/legacy.wetality.com\/da\/wp-json\/wp\/v2\/product\/126058","targetHints":{"allow":["GET"]}}],"collection":[{"href":"https:\/\/legacy.wetality.com\/da\/wp-json\/wp\/v2\/product"}],"about":[{"href":"https:\/\/legacy.wetality.com\/da\/wp-json\/wp\/v2\/types\/product"}],"replies":[{"embeddable":true,"href":"https:\/\/legacy.wetality.com\/da\/wp-json\/wp\/v2\/comments?post=126058"}],"wp:featuredmedia":[{"embeddable":true,"href":"https:\/\/legacy.wetality.com\/da\/wp-json\/wp\/v2\/media\/137301"}],"wp:attachment":[{"href":"https:\/\/legacy.wetality.com\/da\/wp-json\/wp\/v2\/media?parent=126058"}],"wp:term":[{"taxonomy":"product_brand","embeddable":true,"href":"https:\/\/legacy.wetality.com\/da\/wp-json\/wp\/v2\/product_brand?post=126058"},{"taxonomy":"product_cat","embeddable":true,"href":"https:\/\/legacy.wetality.com\/da\/wp-json\/wp\/v2\/product_cat?post=126058"},{"taxonomy":"product_tag","embeddable":true,"href":"https:\/\/legacy.wetality.com\/da\/wp-json\/wp\/v2\/product_tag?post=126058"}],"curies":[{"name":"wp","href":"https:\/\/api.w.org\/{rel}","templated":true}]}}