{"id":1196,"date":"2017-01-12T16:06:50","date_gmt":"2017-01-12T16:06:50","guid":{"rendered":"https:\/\/www.wetality.com\/?post_type=product&#038;p=1196"},"modified":"2026-02-17T20:03:33","modified_gmt":"2026-02-17T20:03:33","slug":"membership","status":"publish","type":"product","link":"https:\/\/legacy.wetality.com\/da\/product\/membership\/","title":{"rendered":"Membership"},"content":{"rendered":"<p>\u00c5rligt medlemskab af Wetality giver dig mulighed for at blive en del af vores uafh\u00e6ngige entrepren\u00f8rteam.<\/p>\n<p>For at blive en <strong>uafh\u00e6ngig repr\u00e6sentant &#8211; henvise kunder til vores produkter<\/strong> og tjene bonus iht. <strong>Business Kompensation Planen<\/strong>, har du mulighed for at bestille dette produkt, som vil give al n\u00f8dvendig information, vejledning og support.<\/p>","protected":false},"excerpt":{"rendered":"<p>\u00c5rligt medlemskab af Wetality giver dig mulighed for at blive en del af vores uafh\u00e6ngige entrepren\u00f8rteam.<\/p>\n<p>For at blive en <strong>uafh\u00e6ngig repr\u00e6sentant &#8211; henvise kunder til vores produkter<\/strong> og tjene bonus iht. <strong>Business Kompensation Planen<\/strong>, har du mulighed for at bestille dette produkt, som vil give al n\u00f8dvendig information, vejledning og support.<\/p>\n","protected":false},"featured_media":0,"comment_status":"open","ping_status":"closed","template":"","meta":[],"product_brand":[],"product_cat":[70,18,37],"product_tag":[],"class_list":{"0":"post-1196","1":"product","2":"type-product","3":"status-publish","5":"product_cat-danish-products","6":"product_cat-membership","7":"product_cat-membership-single","9":"first","10":"instock","11":"virtual","12":"sold-individually","13":"taxable","14":"purchasable","15":"product-type-simple"},"_links":{"self":[{"href":"https:\/\/legacy.wetality.com\/da\/wp-json\/wp\/v2\/product\/1196","targetHints":{"allow":["GET"]}}],"collection":[{"href":"https:\/\/legacy.wetality.com\/da\/wp-json\/wp\/v2\/product"}],"about":[{"href":"https:\/\/legacy.wetality.com\/da\/wp-json\/wp\/v2\/types\/product"}],"replies":[{"embeddable":true,"href":"https:\/\/legacy.wetality.com\/da\/wp-json\/wp\/v2\/comments?post=1196"}],"wp:attachment":[{"href":"https:\/\/legacy.wetality.com\/da\/wp-json\/wp\/v2\/media?parent=1196"}],"wp:term":[{"taxonomy":"product_brand","embeddable":true,"href":"https:\/\/legacy.wetality.com\/da\/wp-json\/wp\/v2\/product_brand?post=1196"},{"taxonomy":"product_cat","embeddable":true,"href":"https:\/\/legacy.wetality.com\/da\/wp-json\/wp\/v2\/product_cat?post=1196"},{"taxonomy":"product_tag","embeddable":true,"href":"https:\/\/legacy.wetality.com\/da\/wp-json\/wp\/v2\/product_tag?post=1196"}],"curies":[{"name":"wp","href":"https:\/\/api.w.org\/{rel}","templated":true}]}}