{"id":103693,"date":"2023-03-06T13:42:27","date_gmt":"2023-03-06T13:42:27","guid":{"rendered":"https:\/\/legacy.wetality.com\/?post_type=product&#038;p=103693"},"modified":"2026-02-01T09:11:17","modified_gmt":"2026-02-01T09:11:17","slug":"manuka-day-cream-smartship","status":"publish","type":"product","link":"https:\/\/legacy.wetality.com\/da\/product\/manuka-day-cream-smartship\/","title":{"rendered":"Manuka day cream"},"content":{"rendered":"<p>&nbsp;<\/p>\n<p>Cremen er udviklet til brug i din daglige hudplejerutine, b\u00e5de morgen og aften, men ogs\u00e5 i l\u00f8bet af dagen, hvis din hud tr\u00e6nger til noget ekstra. Wetality Manuka Facial bruges efter en evt serum og inden solcremer og make-up.<\/p>\n<p>VIRKNING:<br \/>\nFugtgivene, opfriskende, beroligende, st\u00f8ttende til skjoldet og udfordret hud ved f.eks. r\u00f8dme, inflammation, talgknopper og aldringstegn.<\/p>\n<p>EGENSKABER:<br \/>\nVegansk, hurtigt absorberende, tilstopper ikke hudens porer og efterlader ikke huden fedtet. L\u00e6kker mild aroma og naturlig farve, med overvejende naturlige ingredienser uden kunstige fyldstoffer, uden silikone og parabener og med en pr\u00e6cist balanceret PHv\u00e6rdi, alt sammen fremkommet af kombinationen af den rette opskrift og de rigtige ingredienser.<\/p>","protected":false},"excerpt":{"rendered":"<p>Wetality Manuka Facial byder p\u00e5 en kombination af alle de egenskaber og effekter, som de enkelte ingredienser bidrager med, men p.g.a. synergieffekten ogs\u00e5 meget mere end det.<\/p>\n<p><strong>Ingredienser: <\/strong><em>Aqua, Niacinamide, Simmondsia Chinensis seed oil, Cannabis sativa oil, Nigella sativa oil, Behenyl alcohol, cannabidiol, Vitis vinifera oil, Tocopherol, Bakuchiol, aloe barbadensis leaf juice powder, Benzyl alcohol, Hippophae Rhamnoides \u2013 Berries, Leptospermum scoparium leaf oil, Cymbopogon martinii oil, Potassium Palmitoyl Hydrolyzed Oat Protein, Xanthan gum, Allantoin, Palm Glycerides, Sodium Stearoyl Glutamate, Sucrose Palmitate, Dehydroacetic acid.<\/em><\/p>\n<p>&nbsp;<\/p>\n","protected":false},"featured_media":117399,"comment_status":"closed","ping_status":"closed","template":"","meta":[],"product_brand":[],"product_cat":[15,41,2297],"product_tag":[],"class_list":{"0":"post-103693","1":"product","2":"type-product","3":"status-publish","4":"has-post-thumbnail","6":"product_cat-autoship-products","7":"product_cat-autoship-customers","8":"product_cat-subscription-product","9":"product_shipping_class-autoship-vat","11":"first","12":"instock","13":"taxable","14":"shipping-taxable","15":"purchasable","16":"product-type-subscription"},"_links":{"self":[{"href":"https:\/\/legacy.wetality.com\/da\/wp-json\/wp\/v2\/product\/103693","targetHints":{"allow":["GET"]}}],"collection":[{"href":"https:\/\/legacy.wetality.com\/da\/wp-json\/wp\/v2\/product"}],"about":[{"href":"https:\/\/legacy.wetality.com\/da\/wp-json\/wp\/v2\/types\/product"}],"replies":[{"embeddable":true,"href":"https:\/\/legacy.wetality.com\/da\/wp-json\/wp\/v2\/comments?post=103693"}],"wp:featuredmedia":[{"embeddable":true,"href":"https:\/\/legacy.wetality.com\/da\/wp-json\/wp\/v2\/media\/117399"}],"wp:attachment":[{"href":"https:\/\/legacy.wetality.com\/da\/wp-json\/wp\/v2\/media?parent=103693"}],"wp:term":[{"taxonomy":"product_brand","embeddable":true,"href":"https:\/\/legacy.wetality.com\/da\/wp-json\/wp\/v2\/product_brand?post=103693"},{"taxonomy":"product_cat","embeddable":true,"href":"https:\/\/legacy.wetality.com\/da\/wp-json\/wp\/v2\/product_cat?post=103693"},{"taxonomy":"product_tag","embeddable":true,"href":"https:\/\/legacy.wetality.com\/da\/wp-json\/wp\/v2\/product_tag?post=103693"}],"curies":[{"name":"wp","href":"https:\/\/api.w.org\/{rel}","templated":true}]}}