{"id":55918,"date":"2020-02-21T12:47:42","date_gmt":"2020-02-21T12:47:42","guid":{"rendered":"http:\/\/newwetality.loc\/?page_id=55918"},"modified":"2020-02-21T12:47:42","modified_gmt":"2020-02-21T12:47:42","slug":"water-register-now","status":"publish","type":"page","link":"https:\/\/legacy.wetality.com\/da\/water-register-now\/","title":{"rendered":"Register Now"},"content":{"rendered":"<style>\r\n.bootbox.modal.fade.bootbox-alert.show {\r\n  opacity: 1;\r\n  background: #76717196;\r\n}\r\n\r\n<\/style>\r\n<section class=\"register-page-header\">\r\n  <div class=\"container\">\r\n    <h1>Register Form<\/h1>\r\n  <\/div>\r\n<\/section>\r\n\r\n<div class=\"page-loader\">\r\n  <div class=\"spinner\"><\/div>\r\n<\/div>\r\n\r\n\r\n<section id=\"register-now-section\">\r\n  <div class=\"container\">\r\n\r\n    <div class=\"row\">\r\n\r\n      <div class=\"col-md-12 register-first-col\">\r\n        <div class=\"register-text\">\r\n          <p>\r\n            Indsend f\u00f8lgende oplysninger for at blive kunde og f\u00e5 adgang til Wetality shop.          <\/p>\r\n          <p>\r\n            Som kunde vil du have dit Wetality Brugernavn og adgangskode, som du skal bruge ved yderligere bes\u00f8g p\u00e5 vores side og k\u00f8b af produkter.          <\/p>\r\n        <\/div>\r\n      <\/div>\r\n    <\/div>\r\n\r\n    <input type=\"hidden\" value=\"regular registration\" name=\"registration_method\" id=\"registration_method\">\r\n\r\n        <!-- sponsor -->\r\n    <div class=\"row\">\r\n      <div class=\"col-md-12 register-second-col\">\r\n        <div class=\"register-form-inputs\">\r\n          <!-- positioning is subject to availability -->\r\n          <input id=\"txt_parent_id\" type=\"hidden\" name=\"txt_parent_id\" value=\"0\">\r\n          <input id=\"txt_position\" type=\"hidden\" name=\"txt_position\" value=\"0\">\r\n          <div class=\"form-group col-md-12 col-sm-12 col-xs-12\">\r\n            <label\r\n              for=\"sponsorName\">Udfyld brugernavnet for den person, der henviste dig til Wetality<\/label>\r\n          <\/div>\r\n          <div class=\"form-group col-md-6 col-sm-6 col-xs-12\">\r\n            <input type=\"text\" id=\"txt_sponsor\" name=\"txt_sponsor\" value=''\r\n              placeholder=\"Skriv din henvisende bruger\">\r\n            <div class=\"content-right-subtext\">\r\n              Skriv venligst navnet p\u00e5 din henvisende bruger - den person der fortalte dig om Wetality-produkter            <\/div>\r\n          <\/div>\r\n\r\n        <\/div><!-- end col-md-8 -->\r\n      <\/div>\r\n    <\/div>\r\n    \r\n    <hr class=\"register-hr\">\r\n\r\n    <!-- username -->\r\n    <div class=\"row\">\r\n      <div class=\"col-md-12 register-second-col\">\r\n        <div class=\"register-form-inputs\">\r\n\r\n          <div class=\"form-group col-md-6 col-sm-6 col-xs-12\">\r\n            <label for=\"username\">Brugernavn<\/label>\r\n            <input type=\"text\" id=\"txt_username\" name=\"txt_username\" value=''\r\n              placeholder=\"V\u00e6lg venligst dit eget brugernavn\">\r\n            <div class=\"content-right-subtext\">\r\n              Lad dette v\u00e6re tomt, hvis du vil have dit brugernavn til at v\u00e6re det samme som din e-mail            <\/div>\r\n          <\/div>\r\n\r\n        <\/div><!-- end col-md-8 -->\r\n      <\/div>\r\n    <\/div>\r\n\r\n    <!-- first name and last name -->\r\n    <div class=\"row\">\r\n      <div class=\"col-md-12 register-second-col\">\r\n        <div class=\"register-form-inputs\">\r\n          <div class=\"form-group col-md-6 col-sm-6 col-xs-12\">\r\n            <label for=\"name\">Fornavn:<\/label>\r\n            <input type=\"text\" id=\"txt_firstname\" name=\"txt_firstname\" value=''\r\n              placeholder=\"Skriv dit fornavn\">\r\n          <\/div>\r\n          <div class=\"form-group col-md-6 col-sm-6 col-xs-12\">\r\n            <label for=\"lastname\">Efternavn:<\/label>\r\n            <input type=\"text\" id=\"txt_lastname\" name=\"txt_lastname\" value=''\r\n              placeholder=\"Skriv dit efternavn\">\r\n          <\/div>\r\n\r\n        <\/div><!-- end col-md-8 -->\r\n      <\/div>\r\n    <\/div>\r\n\r\n\r\n    <!-- email and confirmation email -->\r\n    <div class=\"row\">\r\n      <div class=\"col-md-12 register-second-col\">\r\n        <div class=\"register-form-inputs\">\r\n          <div class=\"form-group col-md-6 col-sm-6 col-xs-12\">\r\n            <label for=\"email\">E-mail:<\/label>\r\n            <input type=\"text\" id=\"txt_email\" name=\"txt_email\" value=''\r\n              placeholder=\"Skriv din e-mail\">\r\n          <\/div>\r\n\r\n          <div class=\"form-group col-md-6 col-sm-6 col-xs-12\">\r\n            <label for=\"confirm\">\r\n              Skriv din e-mail igen (bekr\u00e6ftelse):<\/label>\r\n            <input type=\"text\" id=\"txt_email_confirmation\" name=\"txt_email_confirmation\" value=''\r\n              placeholder=\"Skriv din e-mail igen\">\r\n          <\/div>\r\n\r\n        <\/div><!-- end col-md-8 -->\r\n      <\/div>\r\n    <\/div>\r\n\r\n\r\n    <!--password and confirmation password -->\r\n    <div class=\"row\">\r\n      <div class=\"col-md-12 register-second-col\">\r\n        <div class=\"register-form-inputs\">\r\n          <div class=\"form-group col-md-6 col-sm-6 col-xs-12\">\r\n            <label\r\n              for=\"password\">V\u00e6lg dit kodeord:&nbsp;<\/label><span\r\n              id=\"resultpass1\"><\/span>\r\n            <div class=\"btn-lateral-der\"><input type='checkbox' id='passwordshowhide' value='0'>&nbsp;<span\r\n                id='showhidetext'>Skjul kodeord<\/span>\r\n            <\/div>\r\n            <input id=\"txt_password\" name=\"txt_password\" type=\"text\" value=''\r\n              placeholder=\"V\u00e6lg dit kodeord\">\r\n\r\n            <div class=\"content-right-subtext\">\r\n              Minimun 8 tegn. Din adgangskode skal mindst indeholde: Et stort bogstaver (A through Z), en bogstaver (a til z), en base 10 cifre (0 til 9). Ogs\u00e5, for at g\u00f8re din adgangskode st\u00e6rkere, kan du bruge Nonalphanumeric tegn ([!,%, &, @, #, $, ^, *,?, _, ~])            <\/div>\r\n\r\n          <\/div>\r\n\r\n          <div class=\"form-group col-md-6 col-sm-6 col-xs-12\">\r\n            <label\r\n              for=\"rewpassword\">Skriv dit kodeord igen (bekr\u00e6ftelse):<\/label><span\r\n              id=\"resultpass2\"><\/span>\r\n            <input id=\"txt_repassword\" name=\"txt_repassword\" type=\"text\" value=''\r\n              placeholder=\"Skriv dit kodeord igen\">\r\n          <\/div>\r\n\r\n        <\/div><!-- end col-md-8 -->\r\n      <\/div>\r\n    <\/div>\r\n\r\n\r\n\r\n    <div class=\"row\">\r\n      <div class=\"col-md-12 register-second-col\">\r\n        <p>\r\n          Vores system har Danmark som dit land. Hvis dette ikke er korrekt, skal du \u00e6ndre dit land her:        <\/p>\r\n        <div class=\"register-form-inputs\">\r\n          <div class=\"form-group col-md-6 col-sm-6 col-xs-12\">\r\n            <label for=\"country\"> Land:<\/label>\r\n            <select id=\"txt_country\" name=\"txt_country\" onChange=\"javascript: country_code()\">\r\n              <option value=\"DK\">Denmark<\/option>\r\n                          <\/select>\r\n          <\/div>\r\n\r\n        <\/div><!-- end col-md-8 -->\r\n      <\/div>\r\n    <\/div>\r\n\r\n\r\n    <hr class=\"register-hr\">\r\n\r\n    <div class=\"row\">\r\n      <div class=\"col-md-12\" style=\"text-align: right;\">\r\n        <div class=\"sub-content\">\r\n          <div class=\"checkbox\">\r\n            <label>\r\n              <p>\r\n                <input type=\"checkbox\" value=\"1\" id=\"readdisclamer\" class=\"acceptterm\">\r\n\r\n                Jeg har l\u00e6st, forst\u00e5et og accepteret at overholde&nbsp;\r\n\r\n                <a target='_BLANK' href=\"\/terms-and-conditions\/\">\r\n                  Shop-vilk\u00e5rene                <\/a>\r\n              <\/p>\r\n\r\n              <p><input type=\"checkbox\" value=\"1\" id=\"readdisclamer-subscription\" class=\"acceptterm-subscription\">\r\n\r\n                Jeg har l\u00e6st, forst\u00e5et og accepteret at overholde&nbsp;\r\n\r\n                <a target='_BLANK' href=\"\/wetality-subscription\/\">\r\n                  Wetality abonnement\/smartship vilk\u00e5rene                <\/a>\r\n              <\/p>\r\n\r\n              <p><input type=\"checkbox\" value=\"1\" id=\"readdisclamer-gdpr\" class=\"acceptterm-gdpr\">\r\n\r\n                Jeg accepterer ogs\u00e5, at virksomheden deler min e-mail-adresse og fornavn information<br>\r\n                med en kontaktperson for yderligere hj\u00e6lp og support.              <\/p>\r\n\r\n\r\n            <\/label>\r\n          <\/div>\r\n          <div id=\"newsdata\" class=\"checkbox\" style=\"display:none;\">\r\n            <label><input type=\"checkbox\" value=\"1\" id=\"newsletter\"\r\n                class=\"acceptterm2\">Jeg \u00f8nsker at modtage nyhedsbrevet&nbsp;<\/label>\r\n          <\/div>\r\n\r\n        <\/div>\r\n\r\n        <div class=\"sub-content\">\r\n          <div class=\"button\">\r\n            <button class=\"btn btn-primary registerBtn\"\r\n              onClick=\"javascript: register_now()\">Registrer nu!<\/button>\r\n          <\/div>\r\n\r\n        <\/div>\r\n        <input type=\"hidden\" id=\"_wpnonce\" name=\"_wpnonce\" value=\"3bdd23be2d\" \/><input type=\"hidden\" name=\"_wp_http_referer\" value=\"\/da\/wp-json\/wp\/v2\/pages\/55918\" \/>      <\/div>\r\n    <\/div>\r\n  <\/div><!-- end container fluid -->\r\n\r\n<\/section>\r\n\r\n\r\n\r\n\r\n<script type=\"text\/javascript\">\r\njQuery(document).ready(function($) {\r\n  $('#txt_country').combobox();\r\n  $('#txt_product').combobox();\r\n  \/\/$(\"#txt-month\").inputmask('Regex', { regex: \"^[1-9][0-2]?$|^12$\" });\r\n  \/\/$(\"#txt-day\").inputmask('Regex', { regex: \"^[1-9][0-9]?$|^31$\" });\r\n  \/\/$(\"#txt-year\").inputmask('Regex', { regex: \"^[1-2][0,9][0-9][0-9]?$|^2009$\" });\r\n});\r\n<\/script>\r\n\n","protected":false},"excerpt":{"rendered":"","protected":false},"author":6865,"featured_media":0,"parent":0,"menu_order":0,"comment_status":"closed","ping_status":"closed","template":"page-fullwidth.php","meta":{"footnotes":""},"class_list":["post-55918","page","type-page","status-publish","hentry"],"_links":{"self":[{"href":"https:\/\/legacy.wetality.com\/da\/wp-json\/wp\/v2\/pages\/55918","targetHints":{"allow":["GET"]}}],"collection":[{"href":"https:\/\/legacy.wetality.com\/da\/wp-json\/wp\/v2\/pages"}],"about":[{"href":"https:\/\/legacy.wetality.com\/da\/wp-json\/wp\/v2\/types\/page"}],"author":[{"embeddable":true,"href":"https:\/\/legacy.wetality.com\/da\/wp-json\/wp\/v2\/users\/6865"}],"replies":[{"embeddable":true,"href":"https:\/\/legacy.wetality.com\/da\/wp-json\/wp\/v2\/comments?post=55918"}],"version-history":[{"count":0,"href":"https:\/\/legacy.wetality.com\/da\/wp-json\/wp\/v2\/pages\/55918\/revisions"}],"wp:attachment":[{"href":"https:\/\/legacy.wetality.com\/da\/wp-json\/wp\/v2\/media?parent=55918"}],"curies":[{"name":"wp","href":"https:\/\/api.w.org\/{rel}","templated":true}]}}