{"id":10889,"date":"2018-01-17T13:15:20","date_gmt":"2018-01-17T13:15:20","guid":{"rendered":"http:\/\/dev.quantumvitalitygroup.com\/?page_id=1376"},"modified":"2022-08-29T07:06:39","modified_gmt":"2022-08-29T07:06:39","slug":"product-claims-health-disclaimer","status":"publish","type":"page","link":"https:\/\/legacy.wetality.com\/da\/product-claims-health-disclaimer\/","title":{"rendered":"Product Claims &#038; Health Disclaimer"},"content":{"rendered":"<p>[vc_row][vc_column][ultimate_heading main_heading=&#8221;Produktkrav og sundhedsansvarsforklaring&#8221; heading_tag=&#8221;h1&#8243; alignment=&#8221;left&#8221; main_heading_margin=&#8221;margin-top:35px;margin-bottom:35px;&#8221;][\/ultimate_heading][vc_column_text]Selskabet frems\u00e6tter ingen medicinske p\u00e5stande eller angiver, at ethvert produkt er formuleret, designet eller godkendt af selskabet eller nogen regulerende myndighed til at diagnosticere, behandle, helbrede eller forebygge sygdom eller medicinske tilstande. Dette ville fejlagtigt betyde, at Produkterne er stoffer i stedet for kosmetik, hudpleje eller ern\u00e6ringsstoffer.<\/p>\n<p>Selskabet sammenligner aldrig produkter med stoffer. Enhver s\u00e5dan gengivelse, krav eller sammenligninger af dig kan resultere i du drages personligt til ansvar.<\/p>\n<p class=\"p1\"><strong>Produktkrav og sundhed:<\/strong><\/p>\n<p><strong>Bem\u00e6rk venligst, at produkter og krav p\u00e5 dette websted og eventuelle tilknyttede websteder ikke er blevet evalueret af officielle institutioner og ikke er beregnet til at diagnosticere, forebygge, behandle eller helbrede sygdom eller ubalance.<\/strong><br \/>\n<strong>Selskabets og dets websteder har ikke til hensigt at yde l\u00e6gehj\u00e6lp. Produkter, beskrivelser, unders\u00f8gelser mv. p\u00e5 dette websted er kun til orientering. Oplysninger om sundhedsm\u00e6ssige og medicinske forhold, produkter og r\u00e5dgivning p\u00e5 denne eller eventuelle tilknyttede websteder kan ikke erstatte en l\u00e6gelig vurdering.<\/strong><\/p>\n<p><strong>Kontakt din l\u00e6ge eller andre sundhedsfaglige specialister vedr\u00f8rende eventuelle medicinske, sundhedsrelaterede problemer til diagnose og behandling.<\/strong><\/p>\n<p><strong>Firmaet anbefaler ikke egenbehandling i forbindelse med personlig sundhed.<\/strong><\/p>\n<p><strong>Inden du bruger et produkt, skal du omhyggeligt l\u00e6se etiketter og emballage. Du b\u00f8r kontakte din l\u00e6ge inden du tager vores produkt f\u00f8rste gang. Du b\u00f8r kontakte din l\u00e6ge om enhver interaktion med medicin eller kosttilskud, du allerede har indtager.<\/strong><br \/>\nKommentarer til dette websted, tilknyttede websteder, fora og andre skriftlige eller talte meddelelser er ikke krav fra <span class=\"s2\">Wetality <\/span>og er kun personlige meninger.<\/p>\n<p><span class=\"s2\">Wetality <\/span>er ikke ansvarlig for oplysninger om sundhedsm\u00e6ssige problemer og vil ikke blive holdt ansvarlig for eventuelle skader som f\u00f8lge af disse oplysninger.<br \/>\nSelskabet hverken angiver eller indikerer, at ethvert produkt er registreret eller godkendt af de nationale myndigheder.<\/p>\n<p>Selskabets forpligter sig til at sikre, at alle produkter, der er godkendt til salg i et bestemt autoriseret land, opfylder alle krav og standarder i det autoriserede omr\u00e5de. Nogle markeder kr\u00e6ver ikke en forh\u00e5ndsmeddelelse, mens andre kr\u00e6ver en specifik produktanmeldelse for de enkelte kosmetiske og\/eller ern\u00e6ringsprodukter, som Selskabet s\u00e6lger.<\/p>\n<p>N\u00e5r du g\u00f8r krav p\u00e5 produktfordele eller udtaler dig personligt om produkter, s\u00e5 bem\u00e6rk, at det altid kun er din personlige erfaring og mening. Specifikke sundhedseffektrelaterede krav kan kun foretages i overensstemmelse med national lovgivning om ern\u00e6rings- og sundhedsanprisninger. P\u00e5standene skal v\u00e6re korrekte og ikke vildledende.<\/p>\n<p>N\u00e5r du bruger selskabets websider, indsender en aftale og foretager enhver virksomhed vedr\u00f8rende Selskabets produkter, bekr\u00e6fter du ogs\u00e5 din bevidsthed om virksomhedens politik for ansvarsfraskrivelse. Det er meget vigtigt at forst\u00e5 det helt og opf\u00f8rer sig i overensstemmelse hermed.<\/p>\n<div id=\"gtx-trans\" style=\"position: absolute; left: 14px; top: 889.912px;\">\n<div class=\"gtx-trans-icon\"><\/div>\n<\/div>\n<p>[\/vc_column_text][\/vc_column][\/vc_row]<\/p>","protected":false},"excerpt":{"rendered":"<p>[vc_row][vc_column][ultimate_heading main_heading=&#8221;Produktkrav og sundhedsansvarsforklaring&#8221; heading_tag=&#8221;h1&#8243; alignment=&#8221;left&#8221; main_heading_margin=&#8221;margin-top:35px;margin-bottom:35px;&#8221;][\/ultimate_heading][vc_column_text]Selskabet frems\u00e6tter ingen medicinske p\u00e5stande eller angiver, at ethvert produkt er formuleret, designet eller godkendt af selskabet eller nogen regulerende myndighed til at diagnosticere, behandle, helbrede eller forebygge sygdom eller medicinske tilstande. Dette ville fejlagtigt betyde, at Produkterne er stoffer i stedet for kosmetik, hudpleje eller ern\u00e6ringsstoffer. Selskabet sammenligner [&hellip;]<\/p>\n","protected":false},"author":6865,"featured_media":0,"parent":0,"menu_order":0,"comment_status":"closed","ping_status":"closed","template":"templates\/template-default-no-sidebar.php","meta":{"footnotes":""},"class_list":["post-10889","page","type-page","status-publish","hentry"],"_links":{"self":[{"href":"https:\/\/legacy.wetality.com\/da\/wp-json\/wp\/v2\/pages\/10889","targetHints":{"allow":["GET"]}}],"collection":[{"href":"https:\/\/legacy.wetality.com\/da\/wp-json\/wp\/v2\/pages"}],"about":[{"href":"https:\/\/legacy.wetality.com\/da\/wp-json\/wp\/v2\/types\/page"}],"author":[{"embeddable":true,"href":"https:\/\/legacy.wetality.com\/da\/wp-json\/wp\/v2\/users\/6865"}],"replies":[{"embeddable":true,"href":"https:\/\/legacy.wetality.com\/da\/wp-json\/wp\/v2\/comments?post=10889"}],"version-history":[{"count":2,"href":"https:\/\/legacy.wetality.com\/da\/wp-json\/wp\/v2\/pages\/10889\/revisions"}],"predecessor-version":[{"id":97128,"href":"https:\/\/legacy.wetality.com\/da\/wp-json\/wp\/v2\/pages\/10889\/revisions\/97128"}],"wp:attachment":[{"href":"https:\/\/legacy.wetality.com\/da\/wp-json\/wp\/v2\/media?parent=10889"}],"curies":[{"name":"wp","href":"https:\/\/api.w.org\/{rel}","templated":true}]}}